{"id":1005,"date":"2024-08-27T20:52:55","date_gmt":"2024-08-27T20:52:55","guid":{"rendered":"https:\/\/refinegroup.com\/?page_id=1005"},"modified":"2024-08-30T07:46:08","modified_gmt":"2024-08-30T07:46:08","slug":"press-test","status":"publish","type":"page","link":"https:\/\/refinegroup.com\/sv\/press-test\/","title":{"rendered":"Pressreleases test"},"content":{"rendered":"<section class=\"section dark\" id=\"section_1525108744\">\n\t\t<div class=\"bg section-bg fill bg-fill\" >\n\n\t\t\t\n\t\t\t\n\t\t\t\n\n\t\t<\/div>\n\n\t\t\n\n\t\t<div class=\"section-content relative\">\n\t\t\t\n\t<div id=\"gap-78696535\" class=\"gap-element clearfix\" style=\"display:block; height:auto;\">\n\t\t\n<style>\n#gap-78696535 {\n  padding-top: 30px;\n}\n<\/style>\n\t<\/div>\n\t\n<div class=\"row align-center\"  id=\"row-1934824506\">\n\n\t<div id=\"col-1946927978\" class=\"col medium-8 small-12 large-6\"  >\n\t\t\t\t<div class=\"col-inner text-center\"  >\n\t\t\t\n\t\t\t\n\t<div id=\"gap-1132770165\" class=\"gap-element clearfix\" style=\"display:block; height:auto;\">\n\t\t\n<style>\n#gap-1132770165 {\n  padding-top: 5px;\n}\n<\/style>\n\t<\/div>\n\t\n\t<div id=\"text-703361017\" class=\"text\">\n\t\t\n<h3>Press &amp; Nyheter<\/h3>\n\t\t\n<style>\n#text-703361017 {\n  font-size: 2.25rem;\n  line-height: 1;\n}\n@media (min-width:550px) {\n  #text-703361017 {\n    font-size: 2.5rem;\n  }\n}\n@media (min-width:850px) {\n  #text-703361017 {\n    line-height: 0.75;\n  }\n}\n<\/style>\n\t<\/div>\n\t\n\t\t<\/div>\n\t\t\t\t\t<\/div>\n\n\t\n<\/div>\n\t\t<\/div>\n\n\t\t\n<style>\n#section_1525108744 {\n  padding-top: 30px;\n  padding-bottom: 30px;\n  min-height: 500px;\n  background-color: rgb(255, 255, 255);\n}\n#section_1525108744 .section-bg.bg-loaded {\n  background-image: url(https:\/\/refinegroup.com\/wp-content\/uploads\/2023\/02\/ir2.jpg);\n}\n#section_1525108744 .section-bg {\n  background-position: 50% 61%;\n}\n#section_1525108744 .ux-shape-divider--top svg {\n  height: 150px;\n  --divider-top-width: 100%;\n}\n#section_1525108744 .ux-shape-divider--bottom svg {\n  height: 150px;\n  --divider-width: 100%;\n}\n@media (min-width:550px) {\n  #section_1525108744 {\n    min-height: 500px;\n  }\n}\n@media (min-width:850px) {\n  #section_1525108744 {\n    min-height: 618px;\n  }\n}\n<\/style>\n\t<\/section>\n\t\n<div class=\"row\"  id=\"row-1184290671\">\n\n\t<div id=\"col-1920595923\" class=\"col small-12 large-12\"  >\n\t\t\t\t<div class=\"col-inner\"  >\n\t\t\t\n\t\t\t\n<div class=\"mfn-newsfeed\"><form method=\"GET\" id=\"mfn-filter-form\" action=\"\"><div class=\"mfn-filter-container\"><div class=\"mfn-newsfeed-category-selector\"><script>\n                    function filterByCategory(e)\n                    {\n                        var type = e.getAttribute(\"filtertype\");\n                        var instance_id = document.getElementById(\"instance_id\").value;\n                        var q = document.getElementById(\"current_category_query\").value;\n                        if (type === \"dropdown\") {\n                            var el = document.getElementById(\"mfn-category-filter-\"  + instance_id);\n                            if (e.value !== \"\") q += \"&m-tags=\" + e.value;\n                            el.value = document.getElementById(\"category_tag\").value;\n                        } else if (type === \"buttons\") {\n                            if (e.value !== \"\") q += \"&m-tags=\" + e.value;\n                        }\n                        window.location.href = q;\n                        return false;\n                    }\n                 <\/script>\n                 <label for=\"mfn-category-filter-655739612\" class=\"mfn-category-label\">Kategori<\/label><select name=\"mfn-category-filter\" id=\"mfn-category-filter-655739612\" class=\"mfn-category-filter\" filtertype=\"dropdown\" onchange=\"filterByCategory(this);\">  <option value=\"\" selected>Alla<\/option>  <option value=\"regulatory\" >Regulatorisk<\/option>  <option value=\"-regulatory\" >Icke-Regulatorisk<\/option> <\/select>  <input type=\"hidden\" id=\"current_category_query\" value=\"?\" \/>  <input type=\"hidden\" id=\"category_tag\" value=\"\" \/><\/div><div class='mfn-newsfeed-year-selector'><script>\n                        function filterByYear(e)\n                        {                           \n                        var q = document.getElementById(\"current_year_query\").value;\n                        var instance_id = document.getElementById(\"instance_id\").value;\n                        var el = document.getElementById(\"mfn-year-filter-\"  + instance_id);\n                        if (e.value !== \"\") q += \"&m-year=\" + e.value;\n                            el.value = document.getElementById(\"current_year\").value;\n                            window.location.href = q;\n                            return false;\n                        }\n                     <\/script>\n                     <label for=\"mfn-year-filter-655739612\" class=\"mfn-year-label\">\u00c5r<\/label><select name=\"mfn-year-filter\" id=\"mfn-year-filter-655739612\" class=\"mfn-year-filter\" onchange=\"filterByYear(this);\"><option url=\"?\" value=\"\">Alla<\/option><option url=\"https:\/\/refinegroup.com\/sv\/wp-json\/wp\/v2\/pages\/1005?m-year=2026\" value=\"2026\" >2026<\/option><option url=\"https:\/\/refinegroup.com\/sv\/wp-json\/wp\/v2\/pages\/1005?m-year=2025\" value=\"2025\" >2025<\/option><option url=\"https:\/\/refinegroup.com\/sv\/wp-json\/wp\/v2\/pages\/1005?m-year=2024\" value=\"2024\" >2024<\/option><option url=\"https:\/\/refinegroup.com\/sv\/wp-json\/wp\/v2\/pages\/1005?m-year=2023\" value=\"2023\" >2023<\/option><option url=\"https:\/\/refinegroup.com\/sv\/wp-json\/wp\/v2\/pages\/1005?m-year=2022\" value=\"2022\" >2022<\/option><option url=\"https:\/\/refinegroup.com\/sv\/wp-json\/wp\/v2\/pages\/1005?m-year=2021\" value=\"2021\" >2021<\/option><option url=\"https:\/\/refinegroup.com\/sv\/wp-json\/wp\/v2\/pages\/1005?m-year=2020\" value=\"2020\" >2020<\/option><option url=\"https:\/\/refinegroup.com\/sv\/wp-json\/wp\/v2\/pages\/1005?m-year=2019\" value=\"2019\" >2019<\/option><option url=\"https:\/\/refinegroup.com\/sv\/wp-json\/wp\/v2\/pages\/1005?m-year=2018\" value=\"2018\" >2018<\/option><option url=\"https:\/\/refinegroup.com\/sv\/wp-json\/wp\/v2\/pages\/1005?m-year=2017\" value=\"2017\" >2017<\/option><\/select>  <input type=\"hidden\" id=\"current_year_query\" value=\"?\" \/>  <input type=\"hidden\" id=\"current_year\" value=\"\" \/><\/div><\/div>  <input type=\"hidden\" id=\"instance_id\" value=\"655739612\" \/><input type=\"hidden\" name=\"trp-form-language\" value=\"sv\"\/><\/form><div class=\"mfn-list\"><h4 class='mfn-feed-year-header' id='mfn-feed-year-header-2026'>2026<\/h4><\/p>\n<div class=\"mfn-item\">\n<div style=\"font-weight:normal;padding:3px;color:#ccc;\"><\/div>\n<div class=\"mfn-title\"><a href=\"https:\/\/refinegroup.com\/sv\/releases\/vetted-assets-knyter-till-sig-profiler-fran-nelly-na-kd-stronger-och-essnce\/\">Vetted Assets knyter till sig profiler fr\u00e5n Nelly, NA-KD, Stronger och ESSNCE<\/a><\/div>\n<div>2026-04-16 10:00<\/div>\n<div class=\"mfn-preview\">Vetted Assets, som byter namn fr&aring;n Refine Group AB (publ), presenterar nya huvud&auml;gare, r&aring;dgivare och entrepren&ouml;rer med erfarenhet<span class=\"mfn-ellipsis\">...<\/span><\/div>\n<div style=\"margin-top:30px;margin-bottom:30px;\"><span class=\"mfn-read-more\"><a href=\"https:\/\/refinegroup.com\/sv\/releases\/vetted-assets-knyter-till-sig-profiler-fran-nelly-na-kd-stronger-och-essnce\/\">L\u00e4s mer <i class=\"icon-button-arrow\"><\/i><\/a><\/span><\/div>\n<\/div>\n<p><\/p>\n<div class=\"mfn-item\">\n<div style=\"font-weight:normal;padding:3px;color:#ccc;\">\n            <span class='mfn-tag mfn-tag-mfn-regulatory'>Regulatoriska<\/span>\n        <\/div>\n<div class=\"mfn-title\"><a href=\"https:\/\/refinegroup.com\/sv\/releases\/refine-group-slutfor-forvarvet-av-andy-okay-och-genomfor-en-kvittningsemission-av-aktier\/\">Refine Group slutf\u00f6r f\u00f6rv\u00e4rvet av Andy okay och genomf\u00f6r en kvittningsemission av aktier<\/a><\/div>\n<div>2026-04-10 10:15<\/div>\n<div class=\"mfn-preview\">Den 4 mars 2026 offentliggjorde Refine Group AB (publ) (&rdquo;Refine Group&rdquo; eller &ldquo;Bolaget&rdquo;) att Bolaget ing&aring;tt ett villkorat<span class=\"mfn-ellipsis\">...<\/span><\/div>\n<div style=\"margin-top:30px;margin-bottom:30px;\"><span class=\"mfn-read-more\"><a href=\"https:\/\/refinegroup.com\/sv\/releases\/refine-group-slutfor-forvarvet-av-andy-okay-och-genomfor-en-kvittningsemission-av-aktier\/\">L\u00e4s mer <i class=\"icon-button-arrow\"><\/i><\/a><\/span><\/div>\n<\/div>\n<p><\/p>\n<div class=\"mfn-item\">\n<div style=\"font-weight:normal;padding:3px;color:#ccc;\">\n            <span class='mfn-tag mfn-tag-mfn-regulatory'>Regulatoriska<\/span>\n        \n            <span class='mfn-tag mfn-tag-mfn-regulatory-mar'>MAR<\/span>\n        <\/div>\n<div class=\"mfn-title\"><a href=\"https:\/\/refinegroup.com\/sv\/releases\/refine-group-beslutar-om-ny-strategi-samt-finansiella-mal-for-2030\/\">Refine Group beslutar om ny strategi samt finansiella m\u00e5l f\u00f6r 2030<\/a><\/div>\n<div>2026-04-08 11:00<\/div>\n<div class=\"mfn-preview\">Styrelsen i Refine Group AB (publ) (&rdquo;Bolaget&rdquo;) har idag beslutat om en ny strategisk inriktning med fokus p&aring; att bygga ett koncentrerat<span class=\"mfn-ellipsis\">...<\/span><\/div>\n<div style=\"margin-top:30px;margin-bottom:30px;\"><span class=\"mfn-read-more\"><a href=\"https:\/\/refinegroup.com\/sv\/releases\/refine-group-beslutar-om-ny-strategi-samt-finansiella-mal-for-2030\/\">L\u00e4s mer <i class=\"icon-button-arrow\"><\/i><\/a><\/span><\/div>\n<\/div>\n<p><\/p>\n<div class=\"mfn-item\">\n<div style=\"font-weight:normal;padding:3px;color:#ccc;\">\n            <span class='mfn-tag mfn-tag-mfn-regulatory'>Regulatoriska<\/span>\n        <\/div>\n<div class=\"mfn-title\"><a href=\"https:\/\/refinegroup.com\/sv\/releases\/kommunike-fran-extra-bolagsstamma-i-refine-group-ab-publ\/\">Kommunik\u00e9 fr\u00e5n extra bolagsst\u00e4mma i Refine Group AB (publ)<\/a><\/div>\n<div>2026-04-08 10:14<\/div>\n<div class=\"mfn-preview\">Vid extra bolagsst&auml;mma i Refine Group AB (publ) (&quot;Refine Group&quot; eller &quot;Bolaget&quot;) den 8 april 2026, fattades nedanst&aring;ende<span class=\"mfn-ellipsis\">...<\/span><\/div>\n<div style=\"margin-top:30px;margin-bottom:30px;\"><span class=\"mfn-read-more\"><a href=\"https:\/\/refinegroup.com\/sv\/releases\/kommunike-fran-extra-bolagsstamma-i-refine-group-ab-publ\/\">L\u00e4s mer <i class=\"icon-button-arrow\"><\/i><\/a><\/span><\/div>\n<\/div>\n<p><\/p>\n<div class=\"mfn-item\">\n<div style=\"font-weight:normal;padding:3px;color:#ccc;\">\n            <span class='mfn-tag mfn-tag-mfn-regulatory'>Regulatoriska<\/span>\n        <\/div>\n<div class=\"mfn-title\"><a href=\"https:\/\/refinegroup.com\/sv\/releases\/refine-group-publicerar-arsredovisning-for-2025\/\">Refine Group publicerar \u00e5rsredovisning f\u00f6r 2025<\/a><\/div>\n<div>2026-04-02 10:15<\/div>\n<div class=\"mfn-preview\">Refine Groups &aring;rsredovisning f&ouml;r 2025 har idag offentliggjorts och finns tillg&auml;nglig p&aring; bolagets hemsida: https:\/\/refinegroup.com\/financial-reports\/<span class=\"mfn-ellipsis\">...<\/span><\/div>\n<div style=\"margin-top:30px;margin-bottom:30px;\"><span class=\"mfn-read-more\"><a href=\"https:\/\/refinegroup.com\/sv\/releases\/refine-group-publicerar-arsredovisning-for-2025\/\">L\u00e4s mer <i class=\"icon-button-arrow\"><\/i><\/a><\/span><\/div>\n<\/div>\n<p><\/p>\n<div class=\"mfn-item\">\n<div style=\"font-weight:normal;padding:3px;color:#ccc;\"><\/div>\n<div class=\"mfn-title\"><a href=\"https:\/\/refinegroup.com\/sv\/releases\/styrelseledamot-och-vice-vd-jacob-stenberg-har-kopt-937-281-aktier-i-refine-group\/\">Styrelseledamot och vice VD Jacob Stenberg har k\u00f6pt 937 281 aktier i Refine Group<\/a><\/div>\n<div>2026-03-25 15:00<\/div>\n<div class=\"mfn-preview\">Styrelseledamot och vice VD Jacob Stenberg har under perioden 24&ndash;25 mars 2026 f&ouml;rv&auml;rvat 937 281 aktier i Refine Group AB till en genomsnittskurs<span class=\"mfn-ellipsis\">...<\/span><\/div>\n<div style=\"margin-top:30px;margin-bottom:30px;\"><span class=\"mfn-read-more\"><a href=\"https:\/\/refinegroup.com\/sv\/releases\/styrelseledamot-och-vice-vd-jacob-stenberg-har-kopt-937-281-aktier-i-refine-group\/\">L\u00e4s mer <i class=\"icon-button-arrow\"><\/i><\/a><\/span><\/div>\n<\/div>\n<p><\/p>\n<div class=\"mfn-item\">\n<div style=\"font-weight:normal;padding:3px;color:#ccc;\"><\/div>\n<div class=\"mfn-title\"><a href=\"https:\/\/refinegroup.com\/sv\/releases\/awelin-vinner-uppdrag-for-string-furniture-och-grythyttan-stalmobler\/\">Awelin vinner uppdrag f\u00f6r String Furniture och Grythyttan St\u00e5lm\u00f6bler<\/a><\/div>\n<div>2026-03-25 11:58<\/div>\n<div class=\"mfn-preview\">Growth-partnern Awelin, en del av Refine Group, offentligg&ouml;r idag tv&aring; nya strategiska samarbeten med n&aring;gra av Sveriges fr&auml;msta varum&auml;rken<span class=\"mfn-ellipsis\">...<\/span><\/div>\n<div style=\"margin-top:30px;margin-bottom:30px;\"><span class=\"mfn-read-more\"><a href=\"https:\/\/refinegroup.com\/sv\/releases\/awelin-vinner-uppdrag-for-string-furniture-och-grythyttan-stalmobler\/\">L\u00e4s mer <i class=\"icon-button-arrow\"><\/i><\/a><\/span><\/div>\n<\/div>\n<p><\/p>\n<div class=\"mfn-item\">\n<div style=\"font-weight:normal;padding:3px;color:#ccc;\">\n            <span class='mfn-tag mfn-tag-mfn-regulatory'>Regulatoriska<\/span>\n        <\/div>\n<div class=\"mfn-title\"><a href=\"https:\/\/refinegroup.com\/sv\/releases\/refine-group-meddelar-utfall-av-utnyttjande-av-teckningsoptioner\/\">Refine Group meddelar utfall av utnyttjande av teckningsoptioner<\/a><\/div>\n<div>2026-03-23 18:36<\/div>\n<div class=\"mfn-preview\">Den 20 mars 2025 offentliggjorde Refine Group AB (publ) (&rdquo;Refine&rdquo; eller &rdquo;Bolaget&rdquo;) att Bolaget genomf&ouml;rt en riktad emission<span class=\"mfn-ellipsis\">...<\/span><\/div>\n<div style=\"margin-top:30px;margin-bottom:30px;\"><span class=\"mfn-read-more\"><a href=\"https:\/\/refinegroup.com\/sv\/releases\/refine-group-meddelar-utfall-av-utnyttjande-av-teckningsoptioner\/\">L\u00e4s mer <i class=\"icon-button-arrow\"><\/i><\/a><\/span><\/div>\n<\/div>\n<p><\/p>\n<div class=\"mfn-item\">\n<div style=\"font-weight:normal;padding:3px;color:#ccc;\"><\/div>\n<div class=\"mfn-title\"><a href=\"https:\/\/refinegroup.com\/sv\/releases\/vd-ludvig-neset-har-kopt-1-500-000-aktier-i-refine-group\/\">VD Ludvig Neset har k\u00f6pt 1 500 000 aktier i Refine Group<\/a><\/div>\n<div>2026-03-19 16:39<\/div>\n<div class=\"mfn-preview\">VD Ludvig Neset har den 19 mars 2026 k&ouml;pt 1 500 000 aktier i Refine Group AB. Aktierna k&ouml;ptes till en kurs om 0,24 kronor per aktie, en aff&auml;r<span class=\"mfn-ellipsis\">...<\/span><\/div>\n<div style=\"margin-top:30px;margin-bottom:30px;\"><span class=\"mfn-read-more\"><a href=\"https:\/\/refinegroup.com\/sv\/releases\/vd-ludvig-neset-har-kopt-1-500-000-aktier-i-refine-group\/\">L\u00e4s mer <i class=\"icon-button-arrow\"><\/i><\/a><\/span><\/div>\n<\/div>\n<p><\/p>\n<div class=\"mfn-item\">\n<div style=\"font-weight:normal;padding:3px;color:#ccc;\"><\/div>\n<div class=\"mfn-title\"><a href=\"https:\/\/refinegroup.com\/sv\/releases\/awelin-vinner-prestigefyllda-uppdrag-inom-app-growth-och-digital-marknadsforing\/\">Awelin vinner prestigefyllda uppdrag inom app-growth och digital marknadsf\u00f6ring<\/a><\/div>\n<div>2026-03-18 13:40<\/div>\n<div class=\"mfn-preview\">Growth-partnern Awelin offentligg&ouml;r idag flera nya kundsamarbeten. Genom en kombination av spetskompetens inom app-growth och en skalbar modell f&ouml;r<span class=\"mfn-ellipsis\">...<\/span><\/div>\n<div style=\"margin-top:30px;margin-bottom:30px;\"><span class=\"mfn-read-more\"><a href=\"https:\/\/refinegroup.com\/sv\/releases\/awelin-vinner-prestigefyllda-uppdrag-inom-app-growth-och-digital-marknadsforing\/\">L\u00e4s mer <i class=\"icon-button-arrow\"><\/i><\/a><\/span><\/div>\n<\/div>\n<p><\/div><div class='mfn-newsfeed-pagination'><a href='https:\/\/refinegroup.com\/sv\/wp-json\/wp\/v2\/pages\/1005?m-page=1' class='mfn-page-link mfn-page-link-next'>N\u00e4sta<\/a><\/div><\/div>\n\t\t<\/div>\n\t\t\t\t\t<\/div>\n\n\t\n<\/div>","protected":false},"excerpt":{"rendered":"","protected":false},"author":5,"featured_media":0,"parent":0,"menu_order":0,"comment_status":"closed","ping_status":"closed","template":"","meta":{"footnotes":""},"class_list":["post-1005","page","type-page","status-publish","hentry"],"yoast_head":"<!-- This site is optimized with the Yoast SEO plugin v23.3 - https:\/\/yoast.com\/wordpress\/plugins\/seo\/ -->\n<title>Pressreleases test - Refine Group<\/title>\n<meta name=\"robots\" content=\"index, follow, max-snippet:-1, max-image-preview:large, max-video-preview:-1\" \/>\n<link rel=\"canonical\" href=\"https:\/\/refinegroup.com\/sv\/press-test\/\" \/>\n<meta property=\"og:locale\" content=\"sv_SE\" \/>\n<meta property=\"og:type\" content=\"article\" \/>\n<meta property=\"og:title\" content=\"Pressreleases test - Refine Group\" \/>\n<meta property=\"og:url\" content=\"https:\/\/refinegroup.com\/sv\/press-test\/\" \/>\n<meta property=\"og:site_name\" content=\"Refine Group\" \/>\n<meta property=\"article:modified_time\" content=\"2024-08-30T07:46:08+00:00\" \/>\n<meta name=\"twitter:card\" content=\"summary_large_image\" \/>\n<meta name=\"twitter:label1\" content=\"Ber\u00e4knad l\u00e4stid\" \/>\n\t<meta name=\"twitter:data1\" content=\"1 minut\" \/>\n<script type=\"application\/ld+json\" class=\"yoast-schema-graph\">{\"@context\":\"https:\/\/schema.org\",\"@graph\":[{\"@type\":\"WebPage\",\"@id\":\"https:\/\/refinegroup.com\/press-test\/\",\"url\":\"https:\/\/refinegroup.com\/press-test\/\",\"name\":\"Pressreleases test - Refine Group\",\"isPartOf\":{\"@id\":\"https:\/\/refinegroup.com\/#website\"},\"datePublished\":\"2024-08-27T20:52:55+00:00\",\"dateModified\":\"2024-08-30T07:46:08+00:00\",\"breadcrumb\":{\"@id\":\"https:\/\/refinegroup.com\/press-test\/#breadcrumb\"},\"inLanguage\":\"sv-SE\",\"potentialAction\":[{\"@type\":\"ReadAction\",\"target\":[\"https:\/\/refinegroup.com\/press-test\/\"]}]},{\"@type\":\"BreadcrumbList\",\"@id\":\"https:\/\/refinegroup.com\/press-test\/#breadcrumb\",\"itemListElement\":[{\"@type\":\"ListItem\",\"position\":1,\"name\":\"Home\",\"item\":\"https:\/\/refinegroup.com\/\"},{\"@type\":\"ListItem\",\"position\":2,\"name\":\"Pressreleases test\"}]},{\"@type\":\"WebSite\",\"@id\":\"https:\/\/refinegroup.com\/#website\",\"url\":\"https:\/\/refinegroup.com\/\",\"name\":\"Refine Group - We accelerate digital growth\",\"description\":\"\",\"publisher\":{\"@id\":\"https:\/\/refinegroup.com\/#organization\"},\"potentialAction\":[{\"@type\":\"SearchAction\",\"target\":{\"@type\":\"EntryPoint\",\"urlTemplate\":\"https:\/\/refinegroup.com\/?s={search_term_string}\"},\"query-input\":\"required name=search_term_string\"}],\"inLanguage\":\"sv-SE\"},{\"@type\":\"Organization\",\"@id\":\"https:\/\/refinegroup.com\/#organization\",\"name\":\"Refine Group - We accelerate digital growth\",\"url\":\"https:\/\/refinegroup.com\/\",\"logo\":{\"@type\":\"ImageObject\",\"inLanguage\":\"sv-SE\",\"@id\":\"https:\/\/refinegroup.com\/#\/schema\/logo\/image\/\",\"url\":\"https:\/\/refinegroup.com\/wp-content\/uploads\/2023\/02\/Refine_logo.png\",\"contentUrl\":\"https:\/\/refinegroup.com\/wp-content\/uploads\/2023\/02\/Refine_logo.png\",\"width\":500,\"height\":47,\"caption\":\"Refine Group - We accelerate digital growth\"},\"image\":{\"@id\":\"https:\/\/refinegroup.com\/#\/schema\/logo\/image\/\"},\"sameAs\":[\"https:\/\/www.linkedin.com\/company\/refinegroup\/\"]}]}<\/script>\n<!-- \/ Yoast SEO plugin. -->","yoast_head_json":{"title":"Pressreleases test - Refine Group","robots":{"index":"index","follow":"follow","max-snippet":"max-snippet:-1","max-image-preview":"max-image-preview:large","max-video-preview":"max-video-preview:-1"},"canonical":"https:\/\/refinegroup.com\/sv\/press-test\/","og_locale":"sv_SE","og_type":"article","og_title":"Pressreleases test - Refine Group","og_url":"https:\/\/refinegroup.com\/sv\/press-test\/","og_site_name":"Refine Group","article_modified_time":"2024-08-30T07:46:08+00:00","twitter_card":"summary_large_image","twitter_misc":{"Ber\u00e4knad l\u00e4stid":"1 minut"},"schema":{"@context":"https:\/\/schema.org","@graph":[{"@type":"WebPage","@id":"https:\/\/refinegroup.com\/press-test\/","url":"https:\/\/refinegroup.com\/press-test\/","name":"Pressreleases test - Refine Group","isPartOf":{"@id":"https:\/\/refinegroup.com\/#website"},"datePublished":"2024-08-27T20:52:55+00:00","dateModified":"2024-08-30T07:46:08+00:00","breadcrumb":{"@id":"https:\/\/refinegroup.com\/press-test\/#breadcrumb"},"inLanguage":"sv-SE","potentialAction":[{"@type":"ReadAction","target":["https:\/\/refinegroup.com\/press-test\/"]}]},{"@type":"BreadcrumbList","@id":"https:\/\/refinegroup.com\/press-test\/#breadcrumb","itemListElement":[{"@type":"ListItem","position":1,"name":"Home","item":"https:\/\/refinegroup.com\/"},{"@type":"ListItem","position":2,"name":"Pressreleases test"}]},{"@type":"WebSite","@id":"https:\/\/refinegroup.com\/#website","url":"https:\/\/refinegroup.com\/","name":"Refine Group - We accelerate digital growth","description":"","publisher":{"@id":"https:\/\/refinegroup.com\/#organization"},"potentialAction":[{"@type":"SearchAction","target":{"@type":"EntryPoint","urlTemplate":"https:\/\/refinegroup.com\/?s={search_term_string}"},"query-input":"required name=search_term_string"}],"inLanguage":"sv-SE"},{"@type":"Organization","@id":"https:\/\/refinegroup.com\/#organization","name":"Refine Group - We accelerate digital growth","url":"https:\/\/refinegroup.com\/","logo":{"@type":"ImageObject","inLanguage":"sv-SE","@id":"https:\/\/refinegroup.com\/#\/schema\/logo\/image\/","url":"https:\/\/refinegroup.com\/wp-content\/uploads\/2023\/02\/Refine_logo.png","contentUrl":"https:\/\/refinegroup.com\/wp-content\/uploads\/2023\/02\/Refine_logo.png","width":500,"height":47,"caption":"Refine Group - We accelerate digital growth"},"image":{"@id":"https:\/\/refinegroup.com\/#\/schema\/logo\/image\/"},"sameAs":["https:\/\/www.linkedin.com\/company\/refinegroup\/"]}]}},"_links":{"self":[{"href":"https:\/\/refinegroup.com\/sv\/wp-json\/wp\/v2\/pages\/1005","targetHints":{"allow":["GET"]}}],"collection":[{"href":"https:\/\/refinegroup.com\/sv\/wp-json\/wp\/v2\/pages"}],"about":[{"href":"https:\/\/refinegroup.com\/sv\/wp-json\/wp\/v2\/types\/page"}],"author":[{"embeddable":true,"href":"https:\/\/refinegroup.com\/sv\/wp-json\/wp\/v2\/users\/5"}],"replies":[{"embeddable":true,"href":"https:\/\/refinegroup.com\/sv\/wp-json\/wp\/v2\/comments?post=1005"}],"version-history":[{"count":55,"href":"https:\/\/refinegroup.com\/sv\/wp-json\/wp\/v2\/pages\/1005\/revisions"}],"predecessor-version":[{"id":1126,"href":"https:\/\/refinegroup.com\/sv\/wp-json\/wp\/v2\/pages\/1005\/revisions\/1126"}],"wp:attachment":[{"href":"https:\/\/refinegroup.com\/sv\/wp-json\/wp\/v2\/media?parent=1005"}],"curies":[{"name":"wp","href":"https:\/\/api.w.org\/{rel}","templated":true}]}}