{"id":115,"date":"2023-01-08T21:56:55","date_gmt":"2023-01-08T21:56:55","guid":{"rendered":"https:\/\/refinegroup.com\/?page_id=115"},"modified":"2025-11-07T21:13:07","modified_gmt":"2025-11-07T19:13:07","slug":"group","status":"publish","type":"page","link":"https:\/\/refinegroup.com\/sv\/group\/","title":{"rendered":"Om gruppen"},"content":{"rendered":"<section class=\"section dark\" id=\"section_1008811202\">\n\t\t<div class=\"bg section-bg fill bg-fill\" >\n\n\t\t\t\n\t\t\t<div class=\"section-bg-overlay absolute fill\"><\/div>\n\t\t\t\n\n\t\t<\/div>\n\n\t\t\n\n\t\t<div class=\"section-content relative\">\n\t\t\t\n\t<div id=\"gap-537145535\" class=\"gap-element clearfix\" style=\"display:block; height:auto;\">\n\t\t\n<style>\n#gap-537145535 {\n  padding-top: 30px;\n}\n<\/style>\n\t<\/div>\n\t\n<div class=\"row align-center\"  id=\"row-123996443\">\n\n\t<div id=\"col-498651358\" class=\"col medium-9 small-12 large-7\"  >\n\t\t\t\t<div class=\"col-inner text-center\"  >\n\t\t\t\n\t\t\t\n\t<div id=\"text-338034546\" class=\"text\">\n\t\t\n<h1>Accelererar varum\u00e4rkens digitala tillv\u00e4xt<\/h1>\n\t\t\n<style>\n#text-338034546 {\n  line-height: 1;\n}\n<\/style>\n\t<\/div>\n\t\n<p>Refine Group bygger och utvecklar varum\u00e4rken inom digital handel. Vi samlar nischade livsstilsvarum\u00e4rken och digitala tillv\u00e4xtexperter f\u00f6r att utnyttja den digitala transformationen som sker inom handeln globalt.<\/p>\n\t\t<\/div>\n\t\t\t\t\t<\/div>\n\n\t\n<\/div>\n\t\t<\/div>\n\n\t\t\n<style>\n#section_1008811202 {\n  padding-top: 30px;\n  padding-bottom: 30px;\n  min-height: 600px;\n}\n#section_1008811202 .section-bg-overlay {\n  background-color: rgba(0, 0, 0, 0.471);\n}\n#section_1008811202 .section-bg.bg-loaded {\n  background-image: url(https:\/\/refinegroup.com\/wp-content\/uploads\/2024\/06\/Default_A_photorealistic_image_showing_a_beautiful_Nordic_envi_0.jpg);\n}\n#section_1008811202 .section-bg {\n  background-position: 55% 56%;\n}\n#section_1008811202 .ux-shape-divider--top svg {\n  height: 150px;\n  --divider-top-width: 100%;\n}\n#section_1008811202 .ux-shape-divider--bottom svg {\n  height: 150px;\n  --divider-width: 100%;\n}\n@media (min-width:850px) {\n  #section_1008811202 {\n    min-height: 600px;\n  }\n}\n<\/style>\n\t<\/section>\n\t\n\t<div id=\"gap-1077785623\" class=\"gap-element clearfix\" style=\"display:block; height:auto;\">\n\t\t\n<style>\n#gap-1077785623 {\n  padding-top: 50px;\n}\n<\/style>\n\t<\/div>\n\t\n\n<div class=\"row\"  id=\"row-2088978593\">\n\n\t<div id=\"col-352162721\" class=\"col small-12 large-12\"  >\n\t\t\t\t<div class=\"col-inner\"  >\n\t\t\t\n\t\t\t\n\t<div id=\"text-214777807\" class=\"text\">\n\t\t\n<h2 style=\"text-align: center;\">V\u00e5ra aff\u00e4rsomr\u00e5den<\/h2>\n<p style=\"text-align: center;\">We are active in two business areas that together form an ecosystem that accelerates digital growth. Read more about our model and synergies between the business areas here.<\/p>\n\t\t\n<style>\n#text-214777807 {\n  text-align: center;\n}\n<\/style>\n\t<\/div>\n\t\n\t\t<\/div>\n\t\t\t\t\t<\/div>\n\n\t\n<\/div>\n\t<div id=\"gap-227265267\" class=\"gap-element clearfix\" style=\"display:block; height:auto;\">\n\t\t\n<style>\n#gap-227265267 {\n  padding-top: 30px;\n}\n<\/style>\n\t<\/div>\n\t\n\t<section class=\"section\" id=\"section_468849618\">\n\t\t<div class=\"bg section-bg fill bg-fill  bg-loaded\" >\n\n\t\t\t\n\t\t\t\n\t\t\t\n\n\t\t<\/div>\n\n\t\t\n\n\t\t<div class=\"section-content relative\">\n\t\t\t\n<div class=\"row row-collapse row-full-width align-middle\"  id=\"row-106292183\">\n\n\t<div id=\"col-1536024110\" class=\"col medium-12 small-12 large-6\"  >\n\t\t\t\t<div class=\"col-inner\"  >\n\t\t\t\n\t\t\t\n\t<div id=\"gap-510228780\" class=\"gap-element clearfix\" style=\"display:block; height:auto;\">\n\t\t\n<style>\n#gap-510228780 {\n  padding-top: 30px;\n}\n<\/style>\n\t<\/div>\n\t\n<h2>Products<\/h2>\n<p>Refine operates a portfolio of profitable and thriving lifestyle brands, offering products with compelling value propositions.<\/p>\n<p>Common for all companies is the presence in categories with low online penetration and a digital-native product offering that is suitable for selling and scaling online as the online penetration of global markets continues.<\/p>\n<p>We favor a prevailing omnichannel setup that targets both online and offline channels, enabling us to capitalize on the rapidly growing online market while increasing brand awareness induced by physical retail.<\/p>\n\t<div id=\"stack-1615693683\" class=\"stack stack-row justify-start items-stretch sm:justify-center\">\n\t\t\n<a href=\"https:\/\/refinegroup.com\/sv\/brands\/#products\" target=\"_self\" class=\"button primary is-outline lowercase\"  >\n    <span>Our Product Brands<\/span>\n  <\/a>\n\n\t\t\n<style>\n#stack-1615693683 > * {\n  --stack-gap: 0rem;\n}\n<\/style>\n\t<\/div>\n\t\n\t\t<\/div>\n\t\t\t\t\n<style>\n#col-1536024110 > .col-inner {\n  padding: 45px 45px 25px 45px;\n}\n@media (min-width:550px) {\n  #col-1536024110 > .col-inner {\n    padding: 45px 125px 25px 125px;\n  }\n}\n@media (min-width:850px) {\n  #col-1536024110 > .col-inner {\n    padding: 50px 50px 50px 50px;\n  }\n}\n<\/style>\n\t<\/div>\n\n\t\n\n\t<div id=\"col-1751545663\" class=\"col medium-12 small-12 large-6 medium-col-first\"  >\n\t\t\t\t<div class=\"col-inner\"  >\n\t\t\t\n\t\t\t\n\n  <div class=\"banner has-hover\" id=\"banner-906479892\">\n          <div class=\"banner-inner fill\">\n        <div class=\"banner-bg fill\" >\n            <div class=\"bg fill bg-fill\"><\/div>\n                                    \n                    <\/div>\n\t\t\n        <div class=\"banner-layers container\">\n            <div class=\"fill banner-link\"><\/div>            \n   <div id=\"text-box-932214388\" class=\"text-box banner-layer x50 md-x50 lg-x50 y50 md-y50 lg-y50 res-text\">\n                                <div class=\"text-box-content text dark\">\n              \n              <div class=\"text-inner text-center\">\n                  \n              <\/div>\n           <\/div>\n                            \n<style>\n#text-box-932214388 {\n  width: 60%;\n}\n#text-box-932214388 .text-box-content {\n  font-size: 100%;\n}\n@media (min-width:550px) {\n  #text-box-932214388 {\n    width: 60%;\n  }\n}\n<\/style>\n    <\/div>\n \n        <\/div>\n      <\/div>\n\n            \n<style>\n#banner-906479892 {\n  padding-top: 300px;\n}\n#banner-906479892 .bg.bg-loaded {\n  background-image: url(https:\/\/refinegroup.com\/wp-content\/uploads\/2025\/11\/Produktbild-Sits5.jpg);\n}\n#banner-906479892 .bg {\n  background-position: 53% 39%;\n}\n#banner-906479892 .ux-shape-divider--top svg {\n  height: 150px;\n  --divider-top-width: 100%;\n}\n#banner-906479892 .ux-shape-divider--bottom svg {\n  height: 150px;\n  --divider-width: 100%;\n}\n@media (min-width:550px) {\n  #banner-906479892 {\n    padding-top: 400px;\n  }\n}\n@media (min-width:850px) {\n  #banner-906479892 {\n    padding-top: 700px;\n  }\n}\n<\/style>\n  <\/div>\n\n\n\t\t<\/div>\n\t\t\t\t\t<\/div>\n\n\t\n<\/div>\n\t\t<\/div>\n\n\t\t\n<style>\n#section_468849618 {\n  padding-top: 0px;\n  padding-bottom: 0px;\n  min-height: 600px;\n  background-color: rgb(245, 247, 251);\n}\n#section_468849618 .ux-shape-divider--top svg {\n  height: 150px;\n  --divider-top-width: 100%;\n}\n#section_468849618 .ux-shape-divider--bottom svg {\n  height: 150px;\n  --divider-width: 100%;\n}\n<\/style>\n\t<\/section>\n\t\n\t<section class=\"section\" id=\"section_1030996832\">\n\t\t<div class=\"bg section-bg fill bg-fill  bg-loaded\" >\n\n\t\t\t\n\t\t\t\n\t\t\t\n\n\t\t<\/div>\n\n\t\t\n\n\t\t<div class=\"section-content relative\">\n\t\t\t\n<div class=\"row row-collapse row-full-width align-middle\"  id=\"row-1287539091\">\n\n\t<div id=\"col-415449186\" class=\"col medium-12 small-12 large-6\"  >\n\t\t\t\t<div class=\"col-inner text-left dark\"  >\n\t\t\t\n\t\t\t\n\n  <div class=\"banner has-hover\" id=\"banner-1962428242\">\n          <div class=\"banner-inner fill\">\n        <div class=\"banner-bg fill\" >\n            <div class=\"bg fill bg-fill\"><\/div>\n                                    \n                    <\/div>\n\t\t\n        <div class=\"banner-layers container\">\n            <div class=\"fill banner-link\"><\/div>            \n   <div id=\"text-box-724595984\" class=\"text-box banner-layer x50 md-x50 lg-x50 y50 md-y50 lg-y50 res-text\">\n                                <div class=\"text-box-content text dark\">\n              \n              <div class=\"text-inner text-center\">\n                  \n              <\/div>\n           <\/div>\n                            \n<style>\n#text-box-724595984 {\n  width: 60%;\n}\n#text-box-724595984 .text-box-content {\n  font-size: 100%;\n}\n@media (min-width:550px) {\n  #text-box-724595984 {\n    width: 60%;\n  }\n}\n<\/style>\n    <\/div>\n \n        <\/div>\n      <\/div>\n\n            \n<style>\n#banner-1962428242 {\n  padding-top: 300px;\n  background-color: rgb(255,255,255);\n}\n#banner-1962428242 .bg.bg-loaded {\n  background-image: url(https:\/\/refinegroup.com\/wp-content\/uploads\/2025\/11\/a3371617-36c4-4d59-bee9-fd91a64f65b2-1024x683.png);\n}\n#banner-1962428242 .bg {\n  background-position: 46% 48%;\n}\n#banner-1962428242 .ux-shape-divider--top svg {\n  height: 150px;\n  --divider-top-width: 100%;\n}\n#banner-1962428242 .ux-shape-divider--bottom svg {\n  height: 150px;\n  --divider-width: 100%;\n}\n@media (min-width:550px) {\n  #banner-1962428242 {\n    padding-top: 400px;\n  }\n}\n@media (min-width:850px) {\n  #banner-1962428242 {\n    padding-top: 600px;\n  }\n}\n<\/style>\n  <\/div>\n\n\n\t\t<\/div>\n\t\t\t\t\t<\/div>\n\n\t\n\n\t<div id=\"col-471436624\" class=\"col medium-12 small-12 large-6\"  >\n\t\t\t\t<div class=\"col-inner\"  >\n\t\t\t\n\t\t\t\n\t<div id=\"gap-990827006\" class=\"gap-element clearfix\" style=\"display:block; height:auto;\">\n\t\t\n<style>\n#gap-990827006 {\n  padding-top: 30px;\n}\n<\/style>\n\t<\/div>\n\t\n<h2>Digital Services<\/h2>\n<p>As the e-commerce market continues to grow, competition becomes more intense, making great demand for professionals with expertise in delivering digital system-critical services.<\/p>\n<p>Our digital commerce service providers enable leading brands to accelerate growth and succeed in the digital transformation within commerce.<\/p>\n<p>In order to be successful, online retailers are in critical need of strong branding, robust technology solutions and winning digital marketing.<\/p>\n\t<div id=\"stack-2826156465\" class=\"stack stack-row justify-start items-stretch sm:justify-center\">\n\t\t\n<a href=\"https:\/\/refinegroup.com\/sv\/brands\/#services\" target=\"_self\" class=\"button primary is-outline lowercase\"  >\n    <span>Our Services Brands<\/span>\n  <\/a>\n\n\t\t\n<style>\n#stack-2826156465 > * {\n  --stack-gap: 0rem;\n}\n<\/style>\n\t<\/div>\n\t\n\t\t<\/div>\n\t\t\t\t\n<style>\n#col-471436624 > .col-inner {\n  padding: 45px 45px 25px 45px;\n}\n@media (min-width:550px) {\n  #col-471436624 > .col-inner {\n    padding: 45px 125px 25px 125px;\n  }\n}\n@media (min-width:850px) {\n  #col-471436624 > .col-inner {\n    padding: 50px 50px 50px 50px;\n  }\n}\n<\/style>\n\t<\/div>\n\n\t\n<\/div>\n\t\t<\/div>\n\n\t\t\n<style>\n#section_1030996832 {\n  padding-top: 0px;\n  padding-bottom: 0px;\n}\n#section_1030996832 .ux-shape-divider--top svg {\n  height: 150px;\n  --divider-top-width: 100%;\n}\n#section_1030996832 .ux-shape-divider--bottom svg {\n  height: 150px;\n  --divider-width: 100%;\n}\n<\/style>\n\t<\/section>\n\t\n\t<section class=\"section\" id=\"section_1499645160\">\n\t\t<div class=\"bg section-bg fill bg-fill  bg-loaded\" >\n\n\t\t\t\n\t\t\t\n\t\t\t\n\n\t\t<\/div>\n\n\t\t\n\n\t\t<div class=\"section-content relative\">\n\t\t\t\n\t<div id=\"gap-684011640\" class=\"gap-element clearfix\" style=\"display:block; height:auto;\">\n\t\t\n<style>\n#gap-684011640 {\n  padding-top: 30px;\n}\n<\/style>\n\t<\/div>\n\t\n\t<div id=\"text-3651102738\" class=\"text\">\n\t\t\n<h2>Learn more about Refine <\/h2>\n\t\t\n<style>\n#text-3651102738 {\n  text-align: center;\n}\n<\/style>\n\t<\/div>\n\t\n\t<div id=\"gap-1291952919\" class=\"gap-element clearfix\" style=\"display:block; height:auto;\">\n\t\t\n<style>\n#gap-1291952919 {\n  padding-top: 40px;\n}\n<\/style>\n\t<\/div>\n\t\n<div class=\"row align-center\"  id=\"row-775574980\">\n\n\t<div id=\"col-208491848\" class=\"col medium-4 small-12 large-4\"  >\n\t\t\t\t<div class=\"col-inner\"  >\n\t\t\t\n\t\t\t\n\t<div class=\"img has-hover x md-x lg-x y md-y lg-y\" id=\"image_1723301005\">\n\t\t\t\t\t\t\t\t<div class=\"img-inner image-cover dark\" style=\"padding-top:75%;\">\n\t\t\t<img loading=\"lazy\" decoding=\"async\" width=\"500\" height=\"500\" src=\"https:\/\/refinegroup.com\/wp-content\/uploads\/2024\/06\/livingroom.jpg\" class=\"attachment-original size-original\" alt=\"\" srcset=\"https:\/\/refinegroup.com\/wp-content\/uploads\/2024\/06\/livingroom.jpg 500w, https:\/\/refinegroup.com\/wp-content\/uploads\/2024\/06\/livingroom-300x300.jpg 300w, https:\/\/refinegroup.com\/wp-content\/uploads\/2024\/06\/livingroom-150x150.jpg 150w, https:\/\/refinegroup.com\/wp-content\/uploads\/2024\/06\/livingroom-12x12.jpg 12w\" sizes=\"auto, (max-width: 500px) 100vw, 500px\" \/>\t\t\t\t\t\t\n\t\t\t\t\t<\/div>\n\t\t\t\t\t\t\t\t\n<style>\n#image_1723301005 {\n  width: 100%;\n}\n<\/style>\n\t<\/div>\n\t\n\t<div id=\"text-4283985667\" class=\"text\">\n\t\t\n<p><span class=\"headline\"><strong>V\u00e5ra varum\u00e4rken<\/strong><\/span><br \/>Discover the brands that compose our two business areas.<\/p>\n\t\t\n<style>\n#text-4283985667 {\n  text-align: center;\n}\n@media (min-width:550px) {\n  #text-4283985667 {\n    text-align: left;\n  }\n}\n<\/style>\n\t<\/div>\n\t\n\t<div id=\"stack-1325092663\" class=\"stack stack-row justify-start items-stretch sm:justify-center\">\n\t\t\n<a href=\"https:\/\/refinegroup.com\/sv\/brands\/\" target=\"_self\" class=\"button primary is-outline lowercase\"  >\n    <span>V\u00e5ra varum\u00e4rken<\/span>\n  <i class=\"icon-angle-right\" aria-hidden=\"true\" ><\/i><\/a>\n\n\t\t\n<style>\n#stack-1325092663 > * {\n  --stack-gap: 0rem;\n}\n<\/style>\n\t<\/div>\n\t\n\t\t<\/div>\n\t\t\t\t\t<\/div>\n\n\t\n\n\t<div id=\"col-672581529\" class=\"col medium-4 small-12 large-4\"  >\n\t\t\t\t<div class=\"col-inner\"  >\n\t\t\t\n\t\t\t\n\t<div class=\"img has-hover x md-x lg-x y md-y lg-y\" id=\"image_2113529439\">\n\t\t\t\t\t\t\t\t<div class=\"img-inner image-cover dark\" style=\"padding-top:75%;\">\n\t\t\t<img loading=\"lazy\" decoding=\"async\" width=\"500\" height=\"500\" src=\"https:\/\/refinegroup.com\/wp-content\/uploads\/2024\/06\/person-mountain.jpg\" class=\"attachment-large size-large\" alt=\"\" srcset=\"https:\/\/refinegroup.com\/wp-content\/uploads\/2024\/06\/person-mountain.jpg 500w, https:\/\/refinegroup.com\/wp-content\/uploads\/2024\/06\/person-mountain-300x300.jpg 300w, https:\/\/refinegroup.com\/wp-content\/uploads\/2024\/06\/person-mountain-150x150.jpg 150w, https:\/\/refinegroup.com\/wp-content\/uploads\/2024\/06\/person-mountain-12x12.jpg 12w\" sizes=\"auto, (max-width: 500px) 100vw, 500px\" \/>\t\t\t\t\t\t\n\t\t\t\t\t<\/div>\n\t\t\t\t\t\t\t\t\n<style>\n#image_2113529439 {\n  width: 100%;\n}\n<\/style>\n\t<\/div>\n\t\n\t<div id=\"text-1580497069\" class=\"text\">\n\t\t\n<p><span class=\"headline\"><strong>Modellen<\/strong><\/span><br \/>Explore how Refine adds value and enhances online success.<\/p>\n\t\t\n<style>\n#text-1580497069 {\n  text-align: center;\n}\n@media (min-width:550px) {\n  #text-1580497069 {\n    text-align: left;\n  }\n}\n<\/style>\n\t<\/div>\n\t\n\t<div id=\"stack-2563667588\" class=\"stack stack-row justify-start items-stretch sm:justify-center\">\n\t\t\n<a href=\"https:\/\/refinegroup.com\/sv\/model\/\" target=\"_self\" class=\"button primary is-outline lowercase\"  >\n    <span>Modellen<\/span>\n  <i class=\"icon-angle-right\" aria-hidden=\"true\" ><\/i><\/a>\n\n\t\t\n<style>\n#stack-2563667588 > * {\n  --stack-gap: 0rem;\n}\n<\/style>\n\t<\/div>\n\t\n\t\t<\/div>\n\t\t\t\t\t<\/div>\n\n\t\n\n\t<div id=\"col-366314120\" class=\"col medium-4 small-12 large-4\"  >\n\t\t\t\t<div class=\"col-inner\"  >\n\t\t\t\n\t\t\t\n\t<div class=\"img has-hover x md-x lg-x y md-y lg-y\" id=\"image_2077499757\">\n\t\t\t\t\t\t\t\t<div class=\"img-inner image-cover dark\" style=\"padding-top:75%;\">\n\t\t\t<img loading=\"lazy\" decoding=\"async\" width=\"500\" height=\"500\" src=\"https:\/\/refinegroup.com\/wp-content\/uploads\/2024\/06\/warehouse.jpg\" class=\"attachment-large size-large\" alt=\"\" srcset=\"https:\/\/refinegroup.com\/wp-content\/uploads\/2024\/06\/warehouse.jpg 500w, https:\/\/refinegroup.com\/wp-content\/uploads\/2024\/06\/warehouse-300x300.jpg 300w, https:\/\/refinegroup.com\/wp-content\/uploads\/2024\/06\/warehouse-150x150.jpg 150w, https:\/\/refinegroup.com\/wp-content\/uploads\/2024\/06\/warehouse-12x12.jpg 12w\" sizes=\"auto, (max-width: 500px) 100vw, 500px\" \/>\t\t\t\t\t\t\n\t\t\t\t\t<\/div>\n\t\t\t\t\t\t\t\t\n<style>\n#image_2077499757 {\n  width: 100%;\n}\n<\/style>\n\t<\/div>\n\t\n\t<div id=\"text-2785045606\" class=\"text\">\n\t\t\n<p><span class=\"headline\"><strong>Investerare<\/strong><\/span><br \/>Keep up to date with our most recent financial results.<\/p>\n\t\t\n<style>\n#text-2785045606 {\n  text-align: center;\n}\n@media (min-width:550px) {\n  #text-2785045606 {\n    text-align: left;\n  }\n}\n<\/style>\n\t<\/div>\n\t\n\t<div id=\"stack-3474263088\" class=\"stack stack-row justify-start items-stretch sm:justify-center\">\n\t\t\n<a href=\"https:\/\/refinegroup.com\/sv\/investors\/\" target=\"_self\" class=\"button primary is-outline lowercase\"  >\n    <span>Investerare<\/span>\n  <i class=\"icon-angle-right\" aria-hidden=\"true\" ><\/i><\/a>\n\n\t\t\n<style>\n#stack-3474263088 > * {\n  --stack-gap: 0rem;\n}\n<\/style>\n\t<\/div>\n\t\n\t\t<\/div>\n\t\t\t\t\t<\/div>\n\n\t\n<\/div>\n\t\t<\/div>\n\n\t\t\n<style>\n#section_1499645160 {\n  padding-top: 30px;\n  padding-bottom: 30px;\n  background-color: rgb(245, 247, 251);\n}\n#section_1499645160 .ux-shape-divider--top svg {\n  height: 150px;\n  --divider-top-width: 100%;\n}\n#section_1499645160 .ux-shape-divider--bottom svg {\n  height: 150px;\n  --divider-width: 100%;\n}\n<\/style>\n\t<\/section>","protected":false},"excerpt":{"rendered":"","protected":false},"author":2,"featured_media":0,"parent":0,"menu_order":0,"comment_status":"closed","ping_status":"closed","template":"","meta":{"footnotes":""},"class_list":["post-115","page","type-page","status-publish","hentry"],"yoast_head":"<!-- This site is optimized with the Yoast SEO plugin v23.3 - https:\/\/yoast.com\/wordpress\/plugins\/seo\/ -->\n<title>Group - Refine Group<\/title>\n<meta name=\"description\" content=\"About Refine Group\" \/>\n<meta name=\"robots\" content=\"index, follow, max-snippet:-1, max-image-preview:large, max-video-preview:-1\" \/>\n<link rel=\"canonical\" href=\"https:\/\/refinegroup.com\/sv\/group\/\" \/>\n<meta property=\"og:locale\" content=\"sv_SE\" \/>\n<meta property=\"og:type\" content=\"article\" \/>\n<meta property=\"og:title\" content=\"Group - Refine Group\" \/>\n<meta property=\"og:description\" content=\"About Refine Group\" \/>\n<meta property=\"og:url\" content=\"https:\/\/refinegroup.com\/sv\/group\/\" \/>\n<meta property=\"og:site_name\" content=\"Refine Group\" \/>\n<meta property=\"article:modified_time\" content=\"2025-11-07T19:13:07+00:00\" \/>\n<meta name=\"twitter:card\" content=\"summary_large_image\" \/>\n<meta name=\"twitter:label1\" content=\"Ber\u00e4knad l\u00e4stid\" \/>\n\t<meta name=\"twitter:data1\" content=\"3 minuter\" \/>\n<script type=\"application\/ld+json\" class=\"yoast-schema-graph\">{\"@context\":\"https:\/\/schema.org\",\"@graph\":[{\"@type\":\"WebPage\",\"@id\":\"https:\/\/refinegroup.com\/group\/\",\"url\":\"https:\/\/refinegroup.com\/group\/\",\"name\":\"Group - Refine Group\",\"isPartOf\":{\"@id\":\"https:\/\/refinegroup.com\/#website\"},\"datePublished\":\"2023-01-08T21:56:55+00:00\",\"dateModified\":\"2025-11-07T19:13:07+00:00\",\"description\":\"About Refine Group\",\"breadcrumb\":{\"@id\":\"https:\/\/refinegroup.com\/group\/#breadcrumb\"},\"inLanguage\":\"sv-SE\",\"potentialAction\":[{\"@type\":\"ReadAction\",\"target\":[\"https:\/\/refinegroup.com\/group\/\"]}]},{\"@type\":\"BreadcrumbList\",\"@id\":\"https:\/\/refinegroup.com\/group\/#breadcrumb\",\"itemListElement\":[{\"@type\":\"ListItem\",\"position\":1,\"name\":\"Home\",\"item\":\"https:\/\/refinegroup.com\/\"},{\"@type\":\"ListItem\",\"position\":2,\"name\":\"Group\"}]},{\"@type\":\"WebSite\",\"@id\":\"https:\/\/refinegroup.com\/#website\",\"url\":\"https:\/\/refinegroup.com\/\",\"name\":\"Refine Group - We accelerate digital growth\",\"description\":\"\",\"publisher\":{\"@id\":\"https:\/\/refinegroup.com\/#organization\"},\"potentialAction\":[{\"@type\":\"SearchAction\",\"target\":{\"@type\":\"EntryPoint\",\"urlTemplate\":\"https:\/\/refinegroup.com\/?s={search_term_string}\"},\"query-input\":\"required name=search_term_string\"}],\"inLanguage\":\"sv-SE\"},{\"@type\":\"Organization\",\"@id\":\"https:\/\/refinegroup.com\/#organization\",\"name\":\"Refine Group - We accelerate digital growth\",\"url\":\"https:\/\/refinegroup.com\/\",\"logo\":{\"@type\":\"ImageObject\",\"inLanguage\":\"sv-SE\",\"@id\":\"https:\/\/refinegroup.com\/#\/schema\/logo\/image\/\",\"url\":\"https:\/\/refinegroup.com\/wp-content\/uploads\/2023\/02\/Refine_logo.png\",\"contentUrl\":\"https:\/\/refinegroup.com\/wp-content\/uploads\/2023\/02\/Refine_logo.png\",\"width\":500,\"height\":47,\"caption\":\"Refine Group - We accelerate digital growth\"},\"image\":{\"@id\":\"https:\/\/refinegroup.com\/#\/schema\/logo\/image\/\"},\"sameAs\":[\"https:\/\/www.linkedin.com\/company\/refinegroup\/\"]}]}<\/script>\n<!-- \/ Yoast SEO plugin. -->","yoast_head_json":{"title":"Group - Refine Group","description":"About Refine Group","robots":{"index":"index","follow":"follow","max-snippet":"max-snippet:-1","max-image-preview":"max-image-preview:large","max-video-preview":"max-video-preview:-1"},"canonical":"https:\/\/refinegroup.com\/sv\/group\/","og_locale":"sv_SE","og_type":"article","og_title":"Group - Refine Group","og_description":"About Refine Group","og_url":"https:\/\/refinegroup.com\/sv\/group\/","og_site_name":"Refine Group","article_modified_time":"2025-11-07T19:13:07+00:00","twitter_card":"summary_large_image","twitter_misc":{"Ber\u00e4knad l\u00e4stid":"3 minuter"},"schema":{"@context":"https:\/\/schema.org","@graph":[{"@type":"WebPage","@id":"https:\/\/refinegroup.com\/group\/","url":"https:\/\/refinegroup.com\/group\/","name":"Group - Refine Group","isPartOf":{"@id":"https:\/\/refinegroup.com\/#website"},"datePublished":"2023-01-08T21:56:55+00:00","dateModified":"2025-11-07T19:13:07+00:00","description":"About Refine Group","breadcrumb":{"@id":"https:\/\/refinegroup.com\/group\/#breadcrumb"},"inLanguage":"sv-SE","potentialAction":[{"@type":"ReadAction","target":["https:\/\/refinegroup.com\/group\/"]}]},{"@type":"BreadcrumbList","@id":"https:\/\/refinegroup.com\/group\/#breadcrumb","itemListElement":[{"@type":"ListItem","position":1,"name":"Home","item":"https:\/\/refinegroup.com\/"},{"@type":"ListItem","position":2,"name":"Group"}]},{"@type":"WebSite","@id":"https:\/\/refinegroup.com\/#website","url":"https:\/\/refinegroup.com\/","name":"Refine Group - We accelerate digital growth","description":"","publisher":{"@id":"https:\/\/refinegroup.com\/#organization"},"potentialAction":[{"@type":"SearchAction","target":{"@type":"EntryPoint","urlTemplate":"https:\/\/refinegroup.com\/?s={search_term_string}"},"query-input":"required name=search_term_string"}],"inLanguage":"sv-SE"},{"@type":"Organization","@id":"https:\/\/refinegroup.com\/#organization","name":"Refine Group - We accelerate digital growth","url":"https:\/\/refinegroup.com\/","logo":{"@type":"ImageObject","inLanguage":"sv-SE","@id":"https:\/\/refinegroup.com\/#\/schema\/logo\/image\/","url":"https:\/\/refinegroup.com\/wp-content\/uploads\/2023\/02\/Refine_logo.png","contentUrl":"https:\/\/refinegroup.com\/wp-content\/uploads\/2023\/02\/Refine_logo.png","width":500,"height":47,"caption":"Refine Group - We accelerate digital growth"},"image":{"@id":"https:\/\/refinegroup.com\/#\/schema\/logo\/image\/"},"sameAs":["https:\/\/www.linkedin.com\/company\/refinegroup\/"]}]}},"_links":{"self":[{"href":"https:\/\/refinegroup.com\/sv\/wp-json\/wp\/v2\/pages\/115","targetHints":{"allow":["GET"]}}],"collection":[{"href":"https:\/\/refinegroup.com\/sv\/wp-json\/wp\/v2\/pages"}],"about":[{"href":"https:\/\/refinegroup.com\/sv\/wp-json\/wp\/v2\/types\/page"}],"author":[{"embeddable":true,"href":"https:\/\/refinegroup.com\/sv\/wp-json\/wp\/v2\/users\/2"}],"replies":[{"embeddable":true,"href":"https:\/\/refinegroup.com\/sv\/wp-json\/wp\/v2\/comments?post=115"}],"version-history":[{"count":13,"href":"https:\/\/refinegroup.com\/sv\/wp-json\/wp\/v2\/pages\/115\/revisions"}],"predecessor-version":[{"id":1367,"href":"https:\/\/refinegroup.com\/sv\/wp-json\/wp\/v2\/pages\/115\/revisions\/1367"}],"wp:attachment":[{"href":"https:\/\/refinegroup.com\/sv\/wp-json\/wp\/v2\/media?parent=115"}],"curies":[{"name":"wp","href":"https:\/\/api.w.org\/{rel}","templated":true}]}}