{"id":1380,"date":"2025-12-13T12:24:02","date_gmt":"2025-12-13T10:24:02","guid":{"rendered":"https:\/\/refinegroup.com\/?page_id=1380"},"modified":"2026-05-07T17:19:42","modified_gmt":"2026-05-07T15:19:42","slug":"joao-paulo-caldas","status":"publish","type":"page","link":"https:\/\/refinegroup.com\/sv\/joao-paulo-caldas\/","title":{"rendered":"Jo\u00e3o Paulo Caldas"},"content":{"rendered":"<section class=\"section\" id=\"section_1631508443\">\n\t\t<div class=\"bg section-bg fill bg-fill  bg-loaded\" >\n\n\t\t\t\n\t\t\t\n\t\t\t\n\n\t\t<\/div>\n\n\t\t\n\n\t\t<div class=\"section-content relative\">\n\t\t\t\n<div class=\"row align-center\"  id=\"row-483760363\">\n\n\t<div id=\"col-377572181\" class=\"col medium-10 small-12 large-10\"  >\n\t\t\t\t<div class=\"col-inner text-center\"  >\n\t\t\t\n\t\t\t\n<h6 class=\"uppercase gold\"><strong>Styrelseordf\u00f6rande<\/strong><\/h6>\n<h2>Jo\u00e3o Paulo Caldas<\/h2>\n\t<div id=\"gap-1215099597\" class=\"gap-element clearfix\" style=\"display:block; height:auto;\">\n\t\t\n<style>\n#gap-1215099597 {\n  padding-top: 30px;\n}\n<\/style>\n\t<\/div>\n\t\n<div class=\"row\"  id=\"row-2058483933\">\n\n\t<div id=\"col-79489843\" class=\"col medium-5 small-12 large-5\"  >\n\t\t\t\t<div class=\"col-inner\"  >\n\t\t\t\n\t\t\t\n\t<div class=\"img has-hover x md-x lg-x y md-y lg-y\" id=\"image_1931653109\">\n\t\t\t\t\t\t\t\t<div class=\"img-inner dark\" >\n\t\t\t<img loading=\"lazy\" decoding=\"async\" width=\"683\" height=\"1024\" src=\"https:\/\/refinegroup.com\/wp-content\/uploads\/2025\/12\/joao-paulo-caldas-683x1024.png\" class=\"attachment-large size-large\" alt=\"\" srcset=\"https:\/\/refinegroup.com\/wp-content\/uploads\/2025\/12\/joao-paulo-caldas-683x1024.png 683w, https:\/\/refinegroup.com\/wp-content\/uploads\/2025\/12\/joao-paulo-caldas-200x300.png 200w, https:\/\/refinegroup.com\/wp-content\/uploads\/2025\/12\/joao-paulo-caldas-768x1152.png 768w, https:\/\/refinegroup.com\/wp-content\/uploads\/2025\/12\/joao-paulo-caldas-8x12.png 8w, https:\/\/refinegroup.com\/wp-content\/uploads\/2025\/12\/joao-paulo-caldas.png 1024w\" sizes=\"auto, (max-width: 683px) 100vw, 683px\" \/>\t\t\t\t\t\t\n\t\t\t\t\t<\/div>\n\t\t\t\t\t\t\t\t\n<style>\n#image_1931653109 {\n  width: 100%;\n}\n<\/style>\n\t<\/div>\n\t\n\t\t<\/div>\n\t\t\t\t\t<\/div>\n\n\t\n\n\t<div id=\"col-1123374217\" class=\"col medium-7 small-12 large-7\"  >\n\t\t\t\t<div class=\"col-inner text-left\"  >\n\t\t\t\n\t\t\t\n<p>Jo\u00e3o Paulo Caldas \u00e4r en portugisisk entrepren\u00f6r och investerare. Han grundade Fancystage 2011 och byggde upp bolaget till en europeisk marknadsledare innan det f\u00f6rv\u00e4rvades av Humble Group. Han \u00e4r \u00e4ven grundare och Managing Partner f\u00f6r Caldas Capital, ett familje\u00e4gt investmentbolag med \u00f6ver 1 miljard SEK i f\u00f6rvaltat kapital.<\/p>\n<p><strong>Position:<\/strong> Styrelseordf\u00f6rande (sedan 2025)<\/p>\n<p><strong>F\u00f6dd:<\/strong> 1982<\/p>\n<p><strong>Tidigare positioner, urval:<\/strong> VD p\u00e5 Fancystage (nuvarande)<\/p>\n<p><strong>\u00d6vriga styrelseuppdrag:<\/strong> Caldas Equity Partners Lda, Caldas Capital Lda och Inception Ventures SarL<\/p>\n<p><strong>Aktieinnehav:<\/strong> 32\u00a0714\u00a0081<\/p>\n<p><strong>Teckningsoptioner:<\/strong> 780 000 (2026\/2031:4) och 1 820 000 (2026\/2031:5)<\/p>\n<p><strong>Oberoende i f\u00f6rh\u00e5llande till Bolaget och dess ledning:<\/strong> Ja<\/p>\n<p><strong>Oberoende i f\u00f6rh\u00e5llande till st\u00f6rre aktie\u00e4gare:<\/strong> Nej<\/p>\n\t\t<\/div>\n\t\t\t\t\t<\/div>\n\n\t\n<\/div>\n\t\t<\/div>\n\t\t\t\t\t<\/div>\n\n\t\n<\/div>\n\t\t<\/div>\n\n\t\t\n<style>\n#section_1631508443 {\n  padding-top: 80px;\n  padding-bottom: 80px;\n}\n#section_1631508443 .ux-shape-divider--top svg {\n  height: 150px;\n  --divider-top-width: 100%;\n}\n#section_1631508443 .ux-shape-divider--bottom svg {\n  height: 150px;\n  --divider-width: 100%;\n}\n<\/style>\n\t<\/section>","protected":false},"excerpt":{"rendered":"","protected":false},"author":3,"featured_media":0,"parent":0,"menu_order":0,"comment_status":"closed","ping_status":"closed","template":"page-blank.php","meta":{"footnotes":""},"class_list":["post-1380","page","type-page","status-publish","hentry"],"yoast_head":"<!-- This site is optimized with the Yoast SEO plugin v23.3 - https:\/\/yoast.com\/wordpress\/plugins\/seo\/ -->\n<title>Jo\u00e3o Paulo Caldas - Refine Group<\/title>\n<meta name=\"robots\" content=\"index, follow, max-snippet:-1, max-image-preview:large, max-video-preview:-1\" \/>\n<link rel=\"canonical\" href=\"https:\/\/refinegroup.com\/sv\/joao-paulo-caldas\/\" \/>\n<meta property=\"og:locale\" content=\"sv_SE\" \/>\n<meta property=\"og:type\" content=\"article\" \/>\n<meta property=\"og:title\" content=\"Jo\u00e3o Paulo Caldas - Refine Group\" \/>\n<meta property=\"og:url\" content=\"https:\/\/refinegroup.com\/sv\/joao-paulo-caldas\/\" \/>\n<meta property=\"og:site_name\" content=\"Refine Group\" \/>\n<meta property=\"article:modified_time\" content=\"2026-05-07T15:19:42+00:00\" \/>\n<meta name=\"twitter:card\" content=\"summary_large_image\" \/>\n<meta name=\"twitter:label1\" content=\"Ber\u00e4knad l\u00e4stid\" \/>\n\t<meta name=\"twitter:data1\" content=\"1 minut\" \/>\n<script type=\"application\/ld+json\" class=\"yoast-schema-graph\">{\"@context\":\"https:\/\/schema.org\",\"@graph\":[{\"@type\":\"WebPage\",\"@id\":\"https:\/\/refinegroup.com\/joao-paulo-caldas\/\",\"url\":\"https:\/\/refinegroup.com\/joao-paulo-caldas\/\",\"name\":\"Jo\u00e3o Paulo Caldas - Refine Group\",\"isPartOf\":{\"@id\":\"https:\/\/refinegroup.com\/#website\"},\"datePublished\":\"2025-12-13T10:24:02+00:00\",\"dateModified\":\"2026-05-07T15:19:42+00:00\",\"breadcrumb\":{\"@id\":\"https:\/\/refinegroup.com\/joao-paulo-caldas\/#breadcrumb\"},\"inLanguage\":\"sv-SE\",\"potentialAction\":[{\"@type\":\"ReadAction\",\"target\":[\"https:\/\/refinegroup.com\/joao-paulo-caldas\/\"]}]},{\"@type\":\"BreadcrumbList\",\"@id\":\"https:\/\/refinegroup.com\/joao-paulo-caldas\/#breadcrumb\",\"itemListElement\":[{\"@type\":\"ListItem\",\"position\":1,\"name\":\"Home\",\"item\":\"https:\/\/refinegroup.com\/\"},{\"@type\":\"ListItem\",\"position\":2,\"name\":\"Jo\u00e3o Paulo Caldas\"}]},{\"@type\":\"WebSite\",\"@id\":\"https:\/\/refinegroup.com\/#website\",\"url\":\"https:\/\/refinegroup.com\/\",\"name\":\"Refine Group - We accelerate digital growth\",\"description\":\"\",\"publisher\":{\"@id\":\"https:\/\/refinegroup.com\/#organization\"},\"potentialAction\":[{\"@type\":\"SearchAction\",\"target\":{\"@type\":\"EntryPoint\",\"urlTemplate\":\"https:\/\/refinegroup.com\/?s={search_term_string}\"},\"query-input\":\"required name=search_term_string\"}],\"inLanguage\":\"sv-SE\"},{\"@type\":\"Organization\",\"@id\":\"https:\/\/refinegroup.com\/#organization\",\"name\":\"Refine Group - We accelerate digital growth\",\"url\":\"https:\/\/refinegroup.com\/\",\"logo\":{\"@type\":\"ImageObject\",\"inLanguage\":\"sv-SE\",\"@id\":\"https:\/\/refinegroup.com\/#\/schema\/logo\/image\/\",\"url\":\"https:\/\/refinegroup.com\/wp-content\/uploads\/2023\/02\/Refine_logo.png\",\"contentUrl\":\"https:\/\/refinegroup.com\/wp-content\/uploads\/2023\/02\/Refine_logo.png\",\"width\":500,\"height\":47,\"caption\":\"Refine Group - We accelerate digital growth\"},\"image\":{\"@id\":\"https:\/\/refinegroup.com\/#\/schema\/logo\/image\/\"},\"sameAs\":[\"https:\/\/www.linkedin.com\/company\/refinegroup\/\"]}]}<\/script>\n<!-- \/ Yoast SEO plugin. -->","yoast_head_json":{"title":"Jo\u00e3o Paulo Caldas - Refine Group","robots":{"index":"index","follow":"follow","max-snippet":"max-snippet:-1","max-image-preview":"max-image-preview:large","max-video-preview":"max-video-preview:-1"},"canonical":"https:\/\/refinegroup.com\/sv\/joao-paulo-caldas\/","og_locale":"sv_SE","og_type":"article","og_title":"Jo\u00e3o Paulo Caldas - Refine Group","og_url":"https:\/\/refinegroup.com\/sv\/joao-paulo-caldas\/","og_site_name":"Refine Group","article_modified_time":"2026-05-07T15:19:42+00:00","twitter_card":"summary_large_image","twitter_misc":{"Ber\u00e4knad l\u00e4stid":"1 minut"},"schema":{"@context":"https:\/\/schema.org","@graph":[{"@type":"WebPage","@id":"https:\/\/refinegroup.com\/joao-paulo-caldas\/","url":"https:\/\/refinegroup.com\/joao-paulo-caldas\/","name":"Jo\u00e3o Paulo Caldas - Refine Group","isPartOf":{"@id":"https:\/\/refinegroup.com\/#website"},"datePublished":"2025-12-13T10:24:02+00:00","dateModified":"2026-05-07T15:19:42+00:00","breadcrumb":{"@id":"https:\/\/refinegroup.com\/joao-paulo-caldas\/#breadcrumb"},"inLanguage":"sv-SE","potentialAction":[{"@type":"ReadAction","target":["https:\/\/refinegroup.com\/joao-paulo-caldas\/"]}]},{"@type":"BreadcrumbList","@id":"https:\/\/refinegroup.com\/joao-paulo-caldas\/#breadcrumb","itemListElement":[{"@type":"ListItem","position":1,"name":"Home","item":"https:\/\/refinegroup.com\/"},{"@type":"ListItem","position":2,"name":"Jo\u00e3o Paulo Caldas"}]},{"@type":"WebSite","@id":"https:\/\/refinegroup.com\/#website","url":"https:\/\/refinegroup.com\/","name":"Refine Group - We accelerate digital growth","description":"","publisher":{"@id":"https:\/\/refinegroup.com\/#organization"},"potentialAction":[{"@type":"SearchAction","target":{"@type":"EntryPoint","urlTemplate":"https:\/\/refinegroup.com\/?s={search_term_string}"},"query-input":"required name=search_term_string"}],"inLanguage":"sv-SE"},{"@type":"Organization","@id":"https:\/\/refinegroup.com\/#organization","name":"Refine Group - We accelerate digital growth","url":"https:\/\/refinegroup.com\/","logo":{"@type":"ImageObject","inLanguage":"sv-SE","@id":"https:\/\/refinegroup.com\/#\/schema\/logo\/image\/","url":"https:\/\/refinegroup.com\/wp-content\/uploads\/2023\/02\/Refine_logo.png","contentUrl":"https:\/\/refinegroup.com\/wp-content\/uploads\/2023\/02\/Refine_logo.png","width":500,"height":47,"caption":"Refine Group - We accelerate digital growth"},"image":{"@id":"https:\/\/refinegroup.com\/#\/schema\/logo\/image\/"},"sameAs":["https:\/\/www.linkedin.com\/company\/refinegroup\/"]}]}},"_links":{"self":[{"href":"https:\/\/refinegroup.com\/sv\/wp-json\/wp\/v2\/pages\/1380","targetHints":{"allow":["GET"]}}],"collection":[{"href":"https:\/\/refinegroup.com\/sv\/wp-json\/wp\/v2\/pages"}],"about":[{"href":"https:\/\/refinegroup.com\/sv\/wp-json\/wp\/v2\/types\/page"}],"author":[{"embeddable":true,"href":"https:\/\/refinegroup.com\/sv\/wp-json\/wp\/v2\/users\/3"}],"replies":[{"embeddable":true,"href":"https:\/\/refinegroup.com\/sv\/wp-json\/wp\/v2\/comments?post=1380"}],"version-history":[{"count":11,"href":"https:\/\/refinegroup.com\/sv\/wp-json\/wp\/v2\/pages\/1380\/revisions"}],"predecessor-version":[{"id":1543,"href":"https:\/\/refinegroup.com\/sv\/wp-json\/wp\/v2\/pages\/1380\/revisions\/1543"}],"wp:attachment":[{"href":"https:\/\/refinegroup.com\/sv\/wp-json\/wp\/v2\/media?parent=1380"}],"curies":[{"name":"wp","href":"https:\/\/api.w.org\/{rel}","templated":true}]}}