{"id":1389,"date":"2025-12-13T13:15:09","date_gmt":"2025-12-13T11:15:09","guid":{"rendered":"https:\/\/refinegroup.com\/?page_id=1389"},"modified":"2026-05-07T17:36:39","modified_gmt":"2026-05-07T15:36:39","slug":"jacob-stenberg","status":"publish","type":"page","link":"https:\/\/refinegroup.com\/sv\/jacob-stenberg\/","title":{"rendered":"Jacob Stenberg"},"content":{"rendered":"<section class=\"section\" id=\"section_1433353221\">\n\t\t<div class=\"bg section-bg fill bg-fill  bg-loaded\" >\n\n\t\t\t\n\t\t\t\n\t\t\t\n\n\t\t<\/div>\n\n\t\t\n\n\t\t<div class=\"section-content relative\">\n\t\t\t\n<div class=\"row align-center\"  id=\"row-1687782949\">\n\n\t<div id=\"col-1317057447\" class=\"col medium-10 small-12 large-10\"  >\n\t\t\t\t<div class=\"col-inner text-center\"  >\n\t\t\t\n\t\t\t\n<h6 class=\"uppercase gold\"><strong>STYRELSELEDAMOT &amp; VICE VD<\/strong><\/h6>\n<h2>Jacob Stenberg<\/h2>\n\t<div id=\"gap-673998884\" class=\"gap-element clearfix\" style=\"display:block; height:auto;\">\n\t\t\n<style>\n#gap-673998884 {\n  padding-top: 30px;\n}\n<\/style>\n\t<\/div>\n\t\n<div class=\"row\"  id=\"row-915625874\">\n\n\t<div id=\"col-1071203993\" class=\"col medium-5 small-12 large-5\"  >\n\t\t\t\t<div class=\"col-inner\"  >\n\t\t\t\n\t\t\t\n\t<div class=\"img has-hover x md-x lg-x y md-y lg-y\" id=\"image_1314261502\">\n\t\t\t\t\t\t\t\t<div class=\"img-inner dark\" >\n\t\t\t<img loading=\"lazy\" decoding=\"async\" width=\"683\" height=\"1024\" src=\"https:\/\/refinegroup.com\/wp-content\/uploads\/2026\/02\/Jacob-Stenberg-683x1024.png\" class=\"attachment-large size-large\" alt=\"\" srcset=\"https:\/\/refinegroup.com\/wp-content\/uploads\/2026\/02\/Jacob-Stenberg-683x1024.png 683w, https:\/\/refinegroup.com\/wp-content\/uploads\/2026\/02\/Jacob-Stenberg-200x300.png 200w, https:\/\/refinegroup.com\/wp-content\/uploads\/2026\/02\/Jacob-Stenberg-768x1152.png 768w, https:\/\/refinegroup.com\/wp-content\/uploads\/2026\/02\/Jacob-Stenberg-8x12.png 8w, https:\/\/refinegroup.com\/wp-content\/uploads\/2026\/02\/Jacob-Stenberg.png 1024w\" sizes=\"auto, (max-width: 683px) 100vw, 683px\" \/>\t\t\t\t\t\t\n\t\t\t\t\t<\/div>\n\t\t\t\t\t\t\t\t\n<style>\n#image_1314261502 {\n  width: 100%;\n}\n<\/style>\n\t<\/div>\n\t\n\t\t<\/div>\n\t\t\t\t\t<\/div>\n\n\t\n\n\t<div id=\"col-1454191084\" class=\"col medium-7 small-12 large-7\"  >\n\t\t\t\t<div class=\"col-inner text-left\"  >\n\t\t\t\n\t\t\t\n<p style=\"font-weight: 400;\">Jacob har l\u00e5ng erfarenhet av detaljhandeln och \u00e4r del\u00e4gare i ett av Sveriges st\u00f6rsta franchisekluster f\u00f6r Elgiganten. I sin roll ansvarar han f\u00f6r ekonomistyrning, l\u00f6nehantering, administrativa processer samt etablering av nya butiker, med stort fokus p\u00e5 operativ effektivitet, strukturerad uppf\u00f6ljning och skalbara processer. Ut\u00f6ver sina operativa ansvarsomr\u00e5den innehar Jacob flera styrelseuppdrag inom koncernen Alive Holding.<\/p>\n<p><strong>Position:<\/strong> Styrelseledamot (sedan 2025) och Vice VD (sedan 2026)<\/p>\n<p><strong>F\u00f6dd:<\/strong> 1991<\/p>\n<p><strong>Tidigare positioner, urval:<\/strong> Franchisetagare p\u00e5 Elgiganten och \u00e4gare av Alive Holding<\/p>\n<p><strong>\u00d6vriga styrelseuppdrag:<\/strong> Bolag inom Alive Holding-koncernen<\/p>\n<p><strong>Aktieinnehav:<\/strong> 9 437 281<\/p>\n<p><strong>Teckningsoptioner:<\/strong> 780 000 (2026\/2031:4) och 1 820 000 (2026\/2031:5)<\/p>\n<p><strong>Oberoende i f\u00f6rh\u00e5llande till Bolaget och dess ledning:<\/strong> Nej<\/p>\n<p><strong>Oberoende i f\u00f6rh\u00e5llande till st\u00f6rre aktie\u00e4gare:<\/strong> Nej<\/p>\n\t\t<\/div>\n\t\t\t\t\t<\/div>\n\n\t\n<\/div>\n\t\t<\/div>\n\t\t\t\t\t<\/div>\n\n\t\n<\/div>\n\t\t<\/div>\n\n\t\t\n<style>\n#section_1433353221 {\n  padding-top: 80px;\n  padding-bottom: 80px;\n}\n#section_1433353221 .ux-shape-divider--top svg {\n  height: 150px;\n  --divider-top-width: 100%;\n}\n#section_1433353221 .ux-shape-divider--bottom svg {\n  height: 150px;\n  --divider-width: 100%;\n}\n<\/style>\n\t<\/section>","protected":false},"excerpt":{"rendered":"","protected":false},"author":3,"featured_media":0,"parent":0,"menu_order":0,"comment_status":"closed","ping_status":"closed","template":"page-blank.php","meta":{"footnotes":""},"class_list":["post-1389","page","type-page","status-publish","hentry"],"yoast_head":"<!-- This site is optimized with the Yoast SEO plugin v23.3 - https:\/\/yoast.com\/wordpress\/plugins\/seo\/ -->\n<title>Jacob Stenberg - Refine Group<\/title>\n<meta name=\"robots\" content=\"index, follow, max-snippet:-1, max-image-preview:large, max-video-preview:-1\" \/>\n<link rel=\"canonical\" href=\"https:\/\/refinegroup.com\/sv\/jacob-stenberg\/\" \/>\n<meta property=\"og:locale\" content=\"sv_SE\" \/>\n<meta property=\"og:type\" content=\"article\" \/>\n<meta property=\"og:title\" content=\"Jacob Stenberg - Refine Group\" \/>\n<meta property=\"og:url\" content=\"https:\/\/refinegroup.com\/sv\/jacob-stenberg\/\" \/>\n<meta property=\"og:site_name\" content=\"Refine Group\" \/>\n<meta property=\"article:modified_time\" content=\"2026-05-07T15:36:39+00:00\" \/>\n<meta name=\"twitter:card\" content=\"summary_large_image\" \/>\n<meta name=\"twitter:label1\" content=\"Ber\u00e4knad l\u00e4stid\" \/>\n\t<meta name=\"twitter:data1\" content=\"1 minut\" \/>\n<script type=\"application\/ld+json\" class=\"yoast-schema-graph\">{\"@context\":\"https:\/\/schema.org\",\"@graph\":[{\"@type\":\"WebPage\",\"@id\":\"https:\/\/refinegroup.com\/jacob-stenberg\/\",\"url\":\"https:\/\/refinegroup.com\/jacob-stenberg\/\",\"name\":\"Jacob Stenberg - Refine Group\",\"isPartOf\":{\"@id\":\"https:\/\/refinegroup.com\/#website\"},\"datePublished\":\"2025-12-13T11:15:09+00:00\",\"dateModified\":\"2026-05-07T15:36:39+00:00\",\"breadcrumb\":{\"@id\":\"https:\/\/refinegroup.com\/jacob-stenberg\/#breadcrumb\"},\"inLanguage\":\"sv-SE\",\"potentialAction\":[{\"@type\":\"ReadAction\",\"target\":[\"https:\/\/refinegroup.com\/jacob-stenberg\/\"]}]},{\"@type\":\"BreadcrumbList\",\"@id\":\"https:\/\/refinegroup.com\/jacob-stenberg\/#breadcrumb\",\"itemListElement\":[{\"@type\":\"ListItem\",\"position\":1,\"name\":\"Home\",\"item\":\"https:\/\/refinegroup.com\/\"},{\"@type\":\"ListItem\",\"position\":2,\"name\":\"Jacob Stenberg\"}]},{\"@type\":\"WebSite\",\"@id\":\"https:\/\/refinegroup.com\/#website\",\"url\":\"https:\/\/refinegroup.com\/\",\"name\":\"Refine Group - We accelerate digital growth\",\"description\":\"\",\"publisher\":{\"@id\":\"https:\/\/refinegroup.com\/#organization\"},\"potentialAction\":[{\"@type\":\"SearchAction\",\"target\":{\"@type\":\"EntryPoint\",\"urlTemplate\":\"https:\/\/refinegroup.com\/?s={search_term_string}\"},\"query-input\":\"required name=search_term_string\"}],\"inLanguage\":\"sv-SE\"},{\"@type\":\"Organization\",\"@id\":\"https:\/\/refinegroup.com\/#organization\",\"name\":\"Refine Group - We accelerate digital growth\",\"url\":\"https:\/\/refinegroup.com\/\",\"logo\":{\"@type\":\"ImageObject\",\"inLanguage\":\"sv-SE\",\"@id\":\"https:\/\/refinegroup.com\/#\/schema\/logo\/image\/\",\"url\":\"https:\/\/refinegroup.com\/wp-content\/uploads\/2023\/02\/Refine_logo.png\",\"contentUrl\":\"https:\/\/refinegroup.com\/wp-content\/uploads\/2023\/02\/Refine_logo.png\",\"width\":500,\"height\":47,\"caption\":\"Refine Group - We accelerate digital growth\"},\"image\":{\"@id\":\"https:\/\/refinegroup.com\/#\/schema\/logo\/image\/\"},\"sameAs\":[\"https:\/\/www.linkedin.com\/company\/refinegroup\/\"]}]}<\/script>\n<!-- \/ Yoast SEO plugin. -->","yoast_head_json":{"title":"Jacob Stenberg - Refine Group","robots":{"index":"index","follow":"follow","max-snippet":"max-snippet:-1","max-image-preview":"max-image-preview:large","max-video-preview":"max-video-preview:-1"},"canonical":"https:\/\/refinegroup.com\/sv\/jacob-stenberg\/","og_locale":"sv_SE","og_type":"article","og_title":"Jacob Stenberg - Refine Group","og_url":"https:\/\/refinegroup.com\/sv\/jacob-stenberg\/","og_site_name":"Refine Group","article_modified_time":"2026-05-07T15:36:39+00:00","twitter_card":"summary_large_image","twitter_misc":{"Ber\u00e4knad l\u00e4stid":"1 minut"},"schema":{"@context":"https:\/\/schema.org","@graph":[{"@type":"WebPage","@id":"https:\/\/refinegroup.com\/jacob-stenberg\/","url":"https:\/\/refinegroup.com\/jacob-stenberg\/","name":"Jacob Stenberg - Refine Group","isPartOf":{"@id":"https:\/\/refinegroup.com\/#website"},"datePublished":"2025-12-13T11:15:09+00:00","dateModified":"2026-05-07T15:36:39+00:00","breadcrumb":{"@id":"https:\/\/refinegroup.com\/jacob-stenberg\/#breadcrumb"},"inLanguage":"sv-SE","potentialAction":[{"@type":"ReadAction","target":["https:\/\/refinegroup.com\/jacob-stenberg\/"]}]},{"@type":"BreadcrumbList","@id":"https:\/\/refinegroup.com\/jacob-stenberg\/#breadcrumb","itemListElement":[{"@type":"ListItem","position":1,"name":"Home","item":"https:\/\/refinegroup.com\/"},{"@type":"ListItem","position":2,"name":"Jacob Stenberg"}]},{"@type":"WebSite","@id":"https:\/\/refinegroup.com\/#website","url":"https:\/\/refinegroup.com\/","name":"Refine Group - We accelerate digital growth","description":"","publisher":{"@id":"https:\/\/refinegroup.com\/#organization"},"potentialAction":[{"@type":"SearchAction","target":{"@type":"EntryPoint","urlTemplate":"https:\/\/refinegroup.com\/?s={search_term_string}"},"query-input":"required name=search_term_string"}],"inLanguage":"sv-SE"},{"@type":"Organization","@id":"https:\/\/refinegroup.com\/#organization","name":"Refine Group - We accelerate digital growth","url":"https:\/\/refinegroup.com\/","logo":{"@type":"ImageObject","inLanguage":"sv-SE","@id":"https:\/\/refinegroup.com\/#\/schema\/logo\/image\/","url":"https:\/\/refinegroup.com\/wp-content\/uploads\/2023\/02\/Refine_logo.png","contentUrl":"https:\/\/refinegroup.com\/wp-content\/uploads\/2023\/02\/Refine_logo.png","width":500,"height":47,"caption":"Refine Group - We accelerate digital growth"},"image":{"@id":"https:\/\/refinegroup.com\/#\/schema\/logo\/image\/"},"sameAs":["https:\/\/www.linkedin.com\/company\/refinegroup\/"]}]}},"_links":{"self":[{"href":"https:\/\/refinegroup.com\/sv\/wp-json\/wp\/v2\/pages\/1389","targetHints":{"allow":["GET"]}}],"collection":[{"href":"https:\/\/refinegroup.com\/sv\/wp-json\/wp\/v2\/pages"}],"about":[{"href":"https:\/\/refinegroup.com\/sv\/wp-json\/wp\/v2\/types\/page"}],"author":[{"embeddable":true,"href":"https:\/\/refinegroup.com\/sv\/wp-json\/wp\/v2\/users\/3"}],"replies":[{"embeddable":true,"href":"https:\/\/refinegroup.com\/sv\/wp-json\/wp\/v2\/comments?post=1389"}],"version-history":[{"count":10,"href":"https:\/\/refinegroup.com\/sv\/wp-json\/wp\/v2\/pages\/1389\/revisions"}],"predecessor-version":[{"id":1544,"href":"https:\/\/refinegroup.com\/sv\/wp-json\/wp\/v2\/pages\/1389\/revisions\/1544"}],"wp:attachment":[{"href":"https:\/\/refinegroup.com\/sv\/wp-json\/wp\/v2\/media?parent=1389"}],"curies":[{"name":"wp","href":"https:\/\/api.w.org\/{rel}","templated":true}]}}