{"id":1524,"date":"2026-04-20T16:19:55","date_gmt":"2026-04-20T14:19:55","guid":{"rendered":"https:\/\/refinegroup.com\/?page_id=1524"},"modified":"2026-05-07T17:40:51","modified_gmt":"2026-05-07T15:40:51","slug":"juri-gendelman-2","status":"publish","type":"page","link":"https:\/\/refinegroup.com\/sv\/juri-gendelman-2\/","title":{"rendered":"Juri Gendelman"},"content":{"rendered":"<section class=\"section\" id=\"section_909611437\">\n\t\t<div class=\"bg section-bg fill bg-fill  bg-loaded\" >\n\n\t\t\t\n\t\t\t\n\t\t\t\n\n\t\t<\/div>\n\n\t\t\n\n\t\t<div class=\"section-content relative\">\n\t\t\t\n<div class=\"row align-center\"  id=\"row-1032506900\">\n\n\t<div id=\"col-125478058\" class=\"col medium-10 small-12 large-10\"  >\n\t\t\t\t<div class=\"col-inner text-center\"  >\n\t\t\t\n\t\t\t\n<h6 class=\"uppercase gold\"><strong>STYRELSELEDAMOT<\/strong><\/h6>\n<h2>Juri Gendelman<\/h2>\n\t<div id=\"gap-1704781792\" class=\"gap-element clearfix\" style=\"display:block; height:auto;\">\n\t\t\n<style>\n#gap-1704781792 {\n  padding-top: 30px;\n}\n<\/style>\n\t<\/div>\n\t\n<div class=\"row\"  id=\"row-1080766043\">\n\n\t<div id=\"col-1739674847\" class=\"col medium-5 small-12 large-5\"  >\n\t\t\t\t<div class=\"col-inner\"  >\n\t\t\t\n\t\t\t\n\t<div class=\"img has-hover x md-x lg-x y md-y lg-y\" id=\"image_1366995196\">\n\t\t\t\t\t\t\t\t<div class=\"img-inner dark\" >\n\t\t\t<img loading=\"lazy\" decoding=\"async\" width=\"768\" height=\"1024\" src=\"https:\/\/refinegroup.com\/wp-content\/uploads\/2026\/04\/juri-gendelman-768x1024.jpeg\" class=\"attachment-large size-large\" alt=\"\" srcset=\"https:\/\/refinegroup.com\/wp-content\/uploads\/2026\/04\/juri-gendelman-768x1024.jpeg 768w, https:\/\/refinegroup.com\/wp-content\/uploads\/2026\/04\/juri-gendelman-225x300.jpeg 225w, https:\/\/refinegroup.com\/wp-content\/uploads\/2026\/04\/juri-gendelman-1152x1536.jpeg 1152w, https:\/\/refinegroup.com\/wp-content\/uploads\/2026\/04\/juri-gendelman-1536x2048.jpeg 1536w, https:\/\/refinegroup.com\/wp-content\/uploads\/2026\/04\/juri-gendelman-9x12.jpeg 9w, https:\/\/refinegroup.com\/wp-content\/uploads\/2026\/04\/juri-gendelman-scaled.jpeg 1920w\" sizes=\"auto, (max-width: 768px) 100vw, 768px\" \/>\t\t\t\t\t\t\n\t\t\t\t\t<\/div>\n\t\t\t\t\t\t\t\t\n<style>\n#image_1366995196 {\n  width: 100%;\n}\n<\/style>\n\t<\/div>\n\t\n\t\t<\/div>\n\t\t\t\t\t<\/div>\n\n\t\n\n\t<div id=\"col-1202448919\" class=\"col medium-7 small-12 large-7\"  >\n\t\t\t\t<div class=\"col-inner text-left\"  >\n\t\t\t\n\t\t\t\n<p style=\"font-weight: 400;\">Juri Gendelman \u00e4r medgrundare till Stronger AB, ett av Sveriges ledande varum\u00e4rken inom tr\u00e4ning och livsstil p\u00e5 e-handelsmarknaden. Han har l\u00e5ng erfarenhet av att bygga och skala e-handelsbolag och kombinerar konkret grundarerfarenhet med ett investerarperspektiv.<\/p>\n<p><strong>Position:<\/strong> Styrelseledamot (sedan 2026)<\/p>\n<p><strong>F\u00f6dd:<\/strong> 1989<\/p>\n<p><strong>Tidigare positioner, urval:<\/strong> Medgrundare och Head of Growth p\u00e5 Stronger AB<\/p>\n<p><strong>\u00d6vriga styrelseuppdrag:<\/strong> Stronger AB, Gendelman Holding AB, Florea Seeds AB, JHFM Fastigheter AB med flera\u00a0<\/p>\n<p><strong>Aktieinnehav:<\/strong> 1 627 718<\/p>\n<p><strong>Teckningsoptioner:<\/strong> 780 000 (2026\/2031:4) och 1 820 000 (2026\/2031:5)<\/p>\n<p><strong>Oberoende i f\u00f6rh\u00e5llande till Bolaget och dess ledning:<\/strong> Ja<\/p>\n<p><strong>Oberoende i f\u00f6rh\u00e5llande till st\u00f6rre aktie\u00e4gare:<\/strong> Ja<\/p>\n\t\t<\/div>\n\t\t\t\t\t<\/div>\n\n\t\n<\/div>\n\t\t<\/div>\n\t\t\t\t\t<\/div>\n\n\t\n<\/div>\n\t\t<\/div>\n\n\t\t\n<style>\n#section_909611437 {\n  padding-top: 80px;\n  padding-bottom: 80px;\n}\n#section_909611437 .ux-shape-divider--top svg {\n  height: 150px;\n  --divider-top-width: 100%;\n}\n#section_909611437 .ux-shape-divider--bottom svg {\n  height: 150px;\n  --divider-width: 100%;\n}\n<\/style>\n\t<\/section>","protected":false},"excerpt":{"rendered":"","protected":false},"author":3,"featured_media":0,"parent":0,"menu_order":0,"comment_status":"closed","ping_status":"closed","template":"page-blank.php","meta":{"footnotes":""},"class_list":["post-1524","page","type-page","status-publish","hentry"],"yoast_head":"<!-- This site is optimized with the Yoast SEO plugin v23.3 - https:\/\/yoast.com\/wordpress\/plugins\/seo\/ -->\n<title>Juri Gendelman - Refine Group<\/title>\n<meta name=\"robots\" content=\"index, follow, max-snippet:-1, max-image-preview:large, max-video-preview:-1\" \/>\n<link rel=\"canonical\" href=\"https:\/\/refinegroup.com\/sv\/juri-gendelman-2\/\" \/>\n<meta property=\"og:locale\" content=\"sv_SE\" \/>\n<meta property=\"og:type\" content=\"article\" \/>\n<meta property=\"og:title\" content=\"Juri Gendelman - Refine Group\" \/>\n<meta property=\"og:url\" content=\"https:\/\/refinegroup.com\/sv\/juri-gendelman-2\/\" \/>\n<meta property=\"og:site_name\" content=\"Refine Group\" \/>\n<meta property=\"article:modified_time\" content=\"2026-05-07T15:40:51+00:00\" \/>\n<meta name=\"twitter:card\" content=\"summary_large_image\" \/>\n<meta name=\"twitter:label1\" content=\"Ber\u00e4knad l\u00e4stid\" \/>\n\t<meta name=\"twitter:data1\" content=\"1 minut\" \/>\n<script type=\"application\/ld+json\" class=\"yoast-schema-graph\">{\"@context\":\"https:\/\/schema.org\",\"@graph\":[{\"@type\":\"WebPage\",\"@id\":\"https:\/\/refinegroup.com\/juri-gendelman-2\/\",\"url\":\"https:\/\/refinegroup.com\/juri-gendelman-2\/\",\"name\":\"Juri Gendelman - Refine Group\",\"isPartOf\":{\"@id\":\"https:\/\/refinegroup.com\/#website\"},\"datePublished\":\"2026-04-20T14:19:55+00:00\",\"dateModified\":\"2026-05-07T15:40:51+00:00\",\"breadcrumb\":{\"@id\":\"https:\/\/refinegroup.com\/juri-gendelman-2\/#breadcrumb\"},\"inLanguage\":\"sv-SE\",\"potentialAction\":[{\"@type\":\"ReadAction\",\"target\":[\"https:\/\/refinegroup.com\/juri-gendelman-2\/\"]}]},{\"@type\":\"BreadcrumbList\",\"@id\":\"https:\/\/refinegroup.com\/juri-gendelman-2\/#breadcrumb\",\"itemListElement\":[{\"@type\":\"ListItem\",\"position\":1,\"name\":\"Home\",\"item\":\"https:\/\/refinegroup.com\/\"},{\"@type\":\"ListItem\",\"position\":2,\"name\":\"Juri Gendelman\"}]},{\"@type\":\"WebSite\",\"@id\":\"https:\/\/refinegroup.com\/#website\",\"url\":\"https:\/\/refinegroup.com\/\",\"name\":\"Refine Group - We accelerate digital growth\",\"description\":\"\",\"publisher\":{\"@id\":\"https:\/\/refinegroup.com\/#organization\"},\"potentialAction\":[{\"@type\":\"SearchAction\",\"target\":{\"@type\":\"EntryPoint\",\"urlTemplate\":\"https:\/\/refinegroup.com\/?s={search_term_string}\"},\"query-input\":\"required name=search_term_string\"}],\"inLanguage\":\"sv-SE\"},{\"@type\":\"Organization\",\"@id\":\"https:\/\/refinegroup.com\/#organization\",\"name\":\"Refine Group - We accelerate digital growth\",\"url\":\"https:\/\/refinegroup.com\/\",\"logo\":{\"@type\":\"ImageObject\",\"inLanguage\":\"sv-SE\",\"@id\":\"https:\/\/refinegroup.com\/#\/schema\/logo\/image\/\",\"url\":\"https:\/\/refinegroup.com\/wp-content\/uploads\/2023\/02\/Refine_logo.png\",\"contentUrl\":\"https:\/\/refinegroup.com\/wp-content\/uploads\/2023\/02\/Refine_logo.png\",\"width\":500,\"height\":47,\"caption\":\"Refine Group - We accelerate digital growth\"},\"image\":{\"@id\":\"https:\/\/refinegroup.com\/#\/schema\/logo\/image\/\"},\"sameAs\":[\"https:\/\/www.linkedin.com\/company\/refinegroup\/\"]}]}<\/script>\n<!-- \/ Yoast SEO plugin. -->","yoast_head_json":{"title":"Juri Gendelman - Refine Group","robots":{"index":"index","follow":"follow","max-snippet":"max-snippet:-1","max-image-preview":"max-image-preview:large","max-video-preview":"max-video-preview:-1"},"canonical":"https:\/\/refinegroup.com\/sv\/juri-gendelman-2\/","og_locale":"sv_SE","og_type":"article","og_title":"Juri Gendelman - Refine Group","og_url":"https:\/\/refinegroup.com\/sv\/juri-gendelman-2\/","og_site_name":"Refine Group","article_modified_time":"2026-05-07T15:40:51+00:00","twitter_card":"summary_large_image","twitter_misc":{"Ber\u00e4knad l\u00e4stid":"1 minut"},"schema":{"@context":"https:\/\/schema.org","@graph":[{"@type":"WebPage","@id":"https:\/\/refinegroup.com\/juri-gendelman-2\/","url":"https:\/\/refinegroup.com\/juri-gendelman-2\/","name":"Juri Gendelman - Refine Group","isPartOf":{"@id":"https:\/\/refinegroup.com\/#website"},"datePublished":"2026-04-20T14:19:55+00:00","dateModified":"2026-05-07T15:40:51+00:00","breadcrumb":{"@id":"https:\/\/refinegroup.com\/juri-gendelman-2\/#breadcrumb"},"inLanguage":"sv-SE","potentialAction":[{"@type":"ReadAction","target":["https:\/\/refinegroup.com\/juri-gendelman-2\/"]}]},{"@type":"BreadcrumbList","@id":"https:\/\/refinegroup.com\/juri-gendelman-2\/#breadcrumb","itemListElement":[{"@type":"ListItem","position":1,"name":"Home","item":"https:\/\/refinegroup.com\/"},{"@type":"ListItem","position":2,"name":"Juri Gendelman"}]},{"@type":"WebSite","@id":"https:\/\/refinegroup.com\/#website","url":"https:\/\/refinegroup.com\/","name":"Refine Group - We accelerate digital growth","description":"","publisher":{"@id":"https:\/\/refinegroup.com\/#organization"},"potentialAction":[{"@type":"SearchAction","target":{"@type":"EntryPoint","urlTemplate":"https:\/\/refinegroup.com\/?s={search_term_string}"},"query-input":"required name=search_term_string"}],"inLanguage":"sv-SE"},{"@type":"Organization","@id":"https:\/\/refinegroup.com\/#organization","name":"Refine Group - We accelerate digital growth","url":"https:\/\/refinegroup.com\/","logo":{"@type":"ImageObject","inLanguage":"sv-SE","@id":"https:\/\/refinegroup.com\/#\/schema\/logo\/image\/","url":"https:\/\/refinegroup.com\/wp-content\/uploads\/2023\/02\/Refine_logo.png","contentUrl":"https:\/\/refinegroup.com\/wp-content\/uploads\/2023\/02\/Refine_logo.png","width":500,"height":47,"caption":"Refine Group - We accelerate digital growth"},"image":{"@id":"https:\/\/refinegroup.com\/#\/schema\/logo\/image\/"},"sameAs":["https:\/\/www.linkedin.com\/company\/refinegroup\/"]}]}},"_links":{"self":[{"href":"https:\/\/refinegroup.com\/sv\/wp-json\/wp\/v2\/pages\/1524","targetHints":{"allow":["GET"]}}],"collection":[{"href":"https:\/\/refinegroup.com\/sv\/wp-json\/wp\/v2\/pages"}],"about":[{"href":"https:\/\/refinegroup.com\/sv\/wp-json\/wp\/v2\/types\/page"}],"author":[{"embeddable":true,"href":"https:\/\/refinegroup.com\/sv\/wp-json\/wp\/v2\/users\/3"}],"replies":[{"embeddable":true,"href":"https:\/\/refinegroup.com\/sv\/wp-json\/wp\/v2\/comments?post=1524"}],"version-history":[{"count":5,"href":"https:\/\/refinegroup.com\/sv\/wp-json\/wp\/v2\/pages\/1524\/revisions"}],"predecessor-version":[{"id":1545,"href":"https:\/\/refinegroup.com\/sv\/wp-json\/wp\/v2\/pages\/1524\/revisions\/1545"}],"wp:attachment":[{"href":"https:\/\/refinegroup.com\/sv\/wp-json\/wp\/v2\/media?parent=1524"}],"curies":[{"name":"wp","href":"https:\/\/api.w.org\/{rel}","templated":true}]}}