{"id":287,"date":"2023-02-14T17:11:59","date_gmt":"2023-02-14T17:11:59","guid":{"rendered":"https:\/\/refinegroup.com\/?page_id=287"},"modified":"2024-07-03T22:02:55","modified_gmt":"2024-07-03T22:02:55","slug":"investors","status":"publish","type":"page","link":"https:\/\/refinegroup.com\/sv\/investors\/","title":{"rendered":"Investerare"},"content":{"rendered":"<section class=\"section dark\" id=\"section_384270921\">\n\t\t<div class=\"bg section-bg fill bg-fill\" >\n\n\t\t\t\n\t\t\t\n\t\t\t\n\n\t\t<\/div>\n\n\t\t\n\n\t\t<div class=\"section-content relative\">\n\t\t\t\n\t<div id=\"gap-744370033\" class=\"gap-element clearfix\" style=\"display:block; height:auto;\">\n\t\t\n<style>\n#gap-744370033 {\n  padding-top: 30px;\n}\n<\/style>\n\t<\/div>\n\t\n<div class=\"row align-center\"  id=\"row-1875379398\">\n\n\t<div id=\"col-838737388\" class=\"col medium-8 small-12 large-6\"  >\n\t\t\t\t<div class=\"col-inner text-center\"  >\n\t\t\t\n\t\t\t\n\t<div id=\"gap-406372779\" class=\"gap-element clearfix\" style=\"display:block; height:auto;\">\n\t\t\n<style>\n#gap-406372779 {\n  padding-top: 5px;\n}\n<\/style>\n\t<\/div>\n\t\n\t<div id=\"text-896212616\" class=\"text\">\n\t\t\n<h3>Investerare<\/h3>\n\t\t\n<style>\n#text-896212616 {\n  font-size: 2.25rem;\n  line-height: 1;\n}\n@media (min-width:550px) {\n  #text-896212616 {\n    font-size: 2.5rem;\n  }\n}\n@media (min-width:850px) {\n  #text-896212616 {\n    line-height: 0.75;\n  }\n}\n<\/style>\n\t<\/div>\n\t\n\t\t<\/div>\n\t\t\t\t\t<\/div>\n\n\t\n<\/div>\n\t\t<\/div>\n\n\t\t\n<style>\n#section_384270921 {\n  padding-top: 30px;\n  padding-bottom: 30px;\n  min-height: 500px;\n  background-color: rgb(255, 255, 255);\n}\n#section_384270921 .section-bg.bg-loaded {\n  background-image: url(https:\/\/refinegroup.com\/wp-content\/uploads\/2024\/06\/Default_Inside_a_huge_warehouse_with_inventory_2.jpg);\n}\n#section_384270921 .section-bg {\n  background-position: 38% 51%;\n}\n#section_384270921 .ux-shape-divider--top svg {\n  height: 150px;\n  --divider-top-width: 100%;\n}\n#section_384270921 .ux-shape-divider--bottom svg {\n  height: 150px;\n  --divider-width: 100%;\n}\n@media (min-width:550px) {\n  #section_384270921 {\n    min-height: 500px;\n  }\n}\n@media (min-width:850px) {\n  #section_384270921 {\n    min-height: 618px;\n  }\n}\n<\/style>\n\t<\/section>\n\t\n<div class=\"row\"  id=\"row-2071803618\">\n\n\t<div id=\"col-1323157894\" class=\"col small-12 large-12\"  >\n\t\t\t\t<div class=\"col-inner\"  >\n\t\t\t\n\t\t\t\n<h2>Refine Group bygger ett nordiskt ekosystem f\u00f6r att accelerera digital handel<\/h2>\n<p>Refine Group bygger och utvecklar varum\u00e4rken inom digital handel. Vi samlar nischade livsstilsvarum\u00e4rken och digitala tillv\u00e4xtexperter f\u00f6r att utnyttja den digitala transformationen som sker inom handeln globalt.<\/p>\n\t\t<\/div>\n\t\t\t\t\t<\/div>\n\n\t\n<\/div>\n\t<div id=\"gap-217895295\" class=\"gap-element clearfix\" style=\"display:block; height:auto;\">\n\t\t\n<style>\n#gap-217895295 {\n  padding-top: 30px;\n}\n<\/style>\n\t<\/div>\n\t\n\t<section class=\"section\" id=\"section_1725224199\">\n\t\t<div class=\"bg section-bg fill bg-fill  bg-loaded\" >\n\n\t\t\t\n\t\t\t\n\t\t\t\n\n\t\t<\/div>\n\n\t\t\n\n\t\t<div class=\"section-content relative\">\n\t\t\t\n<div class=\"row align-equal align-center\"  id=\"row-1900336646\">\n\n\t<div id=\"col-986920397\" class=\"col medium-4 small-12 large-4\"  >\n\t\t\t\t<div class=\"col-inner text-center box-shadow-2\" style=\"background-color:rgb(255,255,255);\" >\n\t\t\t\n\t\t\t\n\n\t\t<div class=\"icon-box featured-box icon-box-center text-center\"  >\n\t\t\t\t<div class=\"icon-box-text last-reset\">\n\t\t\t\t\t\t\t\t\t\n<h3><strong>Finansiella rapporter<\/strong><\/h3>\n<p>Refine Groups offentliggjorda finansiella rapporter<\/p>\n\t\t<\/div>\n\t<\/div>\n\t\n\t\n\t<div id=\"gap-878760060\" class=\"gap-element clearfix\" style=\"display:block; height:auto;\">\n\t\t\n<style>\n#gap-878760060 {\n  padding-top: 10px;\n}\n<\/style>\n\t<\/div>\n\t\n\t<div id=\"gap-1056532744\" class=\"gap-element clearfix\" style=\"display:block; height:auto;\">\n\t\t\n<style>\n#gap-1056532744 {\n  padding-top: 10px;\n}\n<\/style>\n\t<\/div>\n\t\n<p><a href=\"https:\/\/refinegroup.com\/sv\/financial-reports\/\"><strong>G\u00e5 till sektion<\/strong><\/a><\/p>\n\t\t<\/div>\n\t\t\t\t\t<\/div>\n\n\t\n\n\t<div id=\"col-1106583258\" class=\"col medium-4 small-12 large-4\"  >\n\t\t\t\t<div class=\"col-inner text-center box-shadow-2\"  >\n\t\t\t\n\t\t\t\n\n\t\t<div class=\"icon-box featured-box icon-box-center text-center\"  >\n\t\t\t\t<div class=\"icon-box-text last-reset\">\n\t\t\t\t\t\t\t\t\t\n<h3><strong>Pressreleaser<\/strong><\/h3>\n<p>L\u00e4s Refine Groups publicerade pressreleaser<\/p>\n\t\t<\/div>\n\t<\/div>\n\t\n\t\n\t<div id=\"gap-939287466\" class=\"gap-element clearfix\" style=\"display:block; height:auto;\">\n\t\t\n<style>\n#gap-939287466 {\n  padding-top: 10px;\n}\n<\/style>\n\t<\/div>\n\t\n\t<div id=\"gap-315101749\" class=\"gap-element clearfix\" style=\"display:block; height:auto;\">\n\t\t\n<style>\n#gap-315101749 {\n  padding-top: 10px;\n}\n<\/style>\n\t<\/div>\n\t\n<p><a href=\"https:\/\/refinegroup.com\/sv\/press\/\"><strong>G\u00e5 till sektion<\/strong><\/a><\/p>\n\t\t<\/div>\n\t\t\t\t\t<\/div>\n\n\t\n\n\t<div id=\"col-2014822961\" class=\"col medium-4 small-12 large-4\"  >\n\t\t\t\t<div class=\"col-inner text-center box-shadow-2\"  >\n\t\t\t\n\t\t\t\n\n\t\t<div class=\"icon-box featured-box icon-box-center text-center\"  >\n\t\t\t\t<div class=\"icon-box-text last-reset\">\n\t\t\t\t\t\t\t\t\t\n<h3><strong>Kalendarium<\/strong><\/h3>\n<p>Refines kommande h\u00e4ndelser f\u00f6r investerare<\/p>\n\t\t<\/div>\n\t<\/div>\n\t\n\t\n\t<div id=\"gap-145472143\" class=\"gap-element clearfix\" style=\"display:block; height:auto;\">\n\t\t\n<style>\n#gap-145472143 {\n  padding-top: 10px;\n}\n<\/style>\n\t<\/div>\n\t\n\t<div id=\"gap-1089947751\" class=\"gap-element clearfix\" style=\"display:block; height:auto;\">\n\t\t\n<style>\n#gap-1089947751 {\n  padding-top: 10px;\n}\n<\/style>\n\t<\/div>\n\t\n<p><a href=\"https:\/\/refinegroup.com\/sv\/financial-calendar\/\"><strong>G\u00e5 till sektion<\/strong><\/a><\/p>\n\t\t<\/div>\n\t\t\t\t\t<\/div>\n\n\t\n\n<style>\n#row-1900336646 > .col > .col-inner {\n  padding: 30px 30px 30px 30px;\n  background-color: rgb(255,255,255);\n}\n<\/style>\n<\/div>\n\t\t<\/div>\n\n\t\t\n<style>\n#section_1725224199 {\n  padding-top: 60px;\n  padding-bottom: 60px;\n  background-color: rgb(245, 247, 251);\n}\n#section_1725224199 .ux-shape-divider--top svg {\n  height: 150px;\n  --divider-top-width: 100%;\n}\n#section_1725224199 .ux-shape-divider--bottom svg {\n  height: 150px;\n  --divider-width: 100%;\n}\n<\/style>\n\t<\/section>","protected":false},"excerpt":{"rendered":"","protected":false},"author":2,"featured_media":0,"parent":0,"menu_order":0,"comment_status":"closed","ping_status":"closed","template":"page-blank.php","meta":{"footnotes":""},"class_list":["post-287","page","type-page","status-publish","hentry"],"yoast_head":"<!-- This site is optimized with the Yoast SEO plugin v23.3 - https:\/\/yoast.com\/wordpress\/plugins\/seo\/ -->\n<title>Investors - Refine Group<\/title>\n<meta name=\"robots\" content=\"index, follow, max-snippet:-1, max-image-preview:large, max-video-preview:-1\" \/>\n<link rel=\"canonical\" href=\"https:\/\/refinegroup.com\/sv\/investors\/\" \/>\n<meta property=\"og:locale\" content=\"sv_SE\" \/>\n<meta property=\"og:type\" content=\"article\" \/>\n<meta property=\"og:title\" content=\"Investors - Refine Group\" \/>\n<meta property=\"og:url\" content=\"https:\/\/refinegroup.com\/sv\/investors\/\" \/>\n<meta property=\"og:site_name\" content=\"Refine Group\" \/>\n<meta property=\"article:modified_time\" content=\"2024-07-03T22:02:55+00:00\" \/>\n<meta name=\"twitter:card\" content=\"summary_large_image\" \/>\n<meta name=\"twitter:label1\" content=\"Ber\u00e4knad l\u00e4stid\" \/>\n\t<meta name=\"twitter:data1\" content=\"1 minut\" \/>\n<script type=\"application\/ld+json\" class=\"yoast-schema-graph\">{\"@context\":\"https:\/\/schema.org\",\"@graph\":[{\"@type\":\"WebPage\",\"@id\":\"https:\/\/refinegroup.com\/investors\/\",\"url\":\"https:\/\/refinegroup.com\/investors\/\",\"name\":\"Investors - Refine Group\",\"isPartOf\":{\"@id\":\"https:\/\/refinegroup.com\/#website\"},\"datePublished\":\"2023-02-14T17:11:59+00:00\",\"dateModified\":\"2024-07-03T22:02:55+00:00\",\"breadcrumb\":{\"@id\":\"https:\/\/refinegroup.com\/investors\/#breadcrumb\"},\"inLanguage\":\"sv-SE\",\"potentialAction\":[{\"@type\":\"ReadAction\",\"target\":[\"https:\/\/refinegroup.com\/investors\/\"]}]},{\"@type\":\"BreadcrumbList\",\"@id\":\"https:\/\/refinegroup.com\/investors\/#breadcrumb\",\"itemListElement\":[{\"@type\":\"ListItem\",\"position\":1,\"name\":\"Home\",\"item\":\"https:\/\/refinegroup.com\/\"},{\"@type\":\"ListItem\",\"position\":2,\"name\":\"Investors\"}]},{\"@type\":\"WebSite\",\"@id\":\"https:\/\/refinegroup.com\/#website\",\"url\":\"https:\/\/refinegroup.com\/\",\"name\":\"Refine Group - We accelerate digital growth\",\"description\":\"\",\"publisher\":{\"@id\":\"https:\/\/refinegroup.com\/#organization\"},\"potentialAction\":[{\"@type\":\"SearchAction\",\"target\":{\"@type\":\"EntryPoint\",\"urlTemplate\":\"https:\/\/refinegroup.com\/?s={search_term_string}\"},\"query-input\":\"required name=search_term_string\"}],\"inLanguage\":\"sv-SE\"},{\"@type\":\"Organization\",\"@id\":\"https:\/\/refinegroup.com\/#organization\",\"name\":\"Refine Group - We accelerate digital growth\",\"url\":\"https:\/\/refinegroup.com\/\",\"logo\":{\"@type\":\"ImageObject\",\"inLanguage\":\"sv-SE\",\"@id\":\"https:\/\/refinegroup.com\/#\/schema\/logo\/image\/\",\"url\":\"https:\/\/refinegroup.com\/wp-content\/uploads\/2023\/02\/Refine_logo.png\",\"contentUrl\":\"https:\/\/refinegroup.com\/wp-content\/uploads\/2023\/02\/Refine_logo.png\",\"width\":500,\"height\":47,\"caption\":\"Refine Group - We accelerate digital growth\"},\"image\":{\"@id\":\"https:\/\/refinegroup.com\/#\/schema\/logo\/image\/\"},\"sameAs\":[\"https:\/\/www.linkedin.com\/company\/refinegroup\/\"]}]}<\/script>\n<!-- \/ Yoast SEO plugin. -->","yoast_head_json":{"title":"Investors - Refine Group","robots":{"index":"index","follow":"follow","max-snippet":"max-snippet:-1","max-image-preview":"max-image-preview:large","max-video-preview":"max-video-preview:-1"},"canonical":"https:\/\/refinegroup.com\/sv\/investors\/","og_locale":"sv_SE","og_type":"article","og_title":"Investors - Refine Group","og_url":"https:\/\/refinegroup.com\/sv\/investors\/","og_site_name":"Refine Group","article_modified_time":"2024-07-03T22:02:55+00:00","twitter_card":"summary_large_image","twitter_misc":{"Ber\u00e4knad l\u00e4stid":"1 minut"},"schema":{"@context":"https:\/\/schema.org","@graph":[{"@type":"WebPage","@id":"https:\/\/refinegroup.com\/investors\/","url":"https:\/\/refinegroup.com\/investors\/","name":"Investors - Refine Group","isPartOf":{"@id":"https:\/\/refinegroup.com\/#website"},"datePublished":"2023-02-14T17:11:59+00:00","dateModified":"2024-07-03T22:02:55+00:00","breadcrumb":{"@id":"https:\/\/refinegroup.com\/investors\/#breadcrumb"},"inLanguage":"sv-SE","potentialAction":[{"@type":"ReadAction","target":["https:\/\/refinegroup.com\/investors\/"]}]},{"@type":"BreadcrumbList","@id":"https:\/\/refinegroup.com\/investors\/#breadcrumb","itemListElement":[{"@type":"ListItem","position":1,"name":"Home","item":"https:\/\/refinegroup.com\/"},{"@type":"ListItem","position":2,"name":"Investors"}]},{"@type":"WebSite","@id":"https:\/\/refinegroup.com\/#website","url":"https:\/\/refinegroup.com\/","name":"Refine Group - We accelerate digital growth","description":"","publisher":{"@id":"https:\/\/refinegroup.com\/#organization"},"potentialAction":[{"@type":"SearchAction","target":{"@type":"EntryPoint","urlTemplate":"https:\/\/refinegroup.com\/?s={search_term_string}"},"query-input":"required name=search_term_string"}],"inLanguage":"sv-SE"},{"@type":"Organization","@id":"https:\/\/refinegroup.com\/#organization","name":"Refine Group - We accelerate digital growth","url":"https:\/\/refinegroup.com\/","logo":{"@type":"ImageObject","inLanguage":"sv-SE","@id":"https:\/\/refinegroup.com\/#\/schema\/logo\/image\/","url":"https:\/\/refinegroup.com\/wp-content\/uploads\/2023\/02\/Refine_logo.png","contentUrl":"https:\/\/refinegroup.com\/wp-content\/uploads\/2023\/02\/Refine_logo.png","width":500,"height":47,"caption":"Refine Group - We accelerate digital growth"},"image":{"@id":"https:\/\/refinegroup.com\/#\/schema\/logo\/image\/"},"sameAs":["https:\/\/www.linkedin.com\/company\/refinegroup\/"]}]}},"_links":{"self":[{"href":"https:\/\/refinegroup.com\/sv\/wp-json\/wp\/v2\/pages\/287","targetHints":{"allow":["GET"]}}],"collection":[{"href":"https:\/\/refinegroup.com\/sv\/wp-json\/wp\/v2\/pages"}],"about":[{"href":"https:\/\/refinegroup.com\/sv\/wp-json\/wp\/v2\/types\/page"}],"author":[{"embeddable":true,"href":"https:\/\/refinegroup.com\/sv\/wp-json\/wp\/v2\/users\/2"}],"replies":[{"embeddable":true,"href":"https:\/\/refinegroup.com\/sv\/wp-json\/wp\/v2\/comments?post=287"}],"version-history":[{"count":1,"href":"https:\/\/refinegroup.com\/sv\/wp-json\/wp\/v2\/pages\/287\/revisions"}],"predecessor-version":[{"id":822,"href":"https:\/\/refinegroup.com\/sv\/wp-json\/wp\/v2\/pages\/287\/revisions\/822"}],"wp:attachment":[{"href":"https:\/\/refinegroup.com\/sv\/wp-json\/wp\/v2\/media?parent=287"}],"curies":[{"name":"wp","href":"https:\/\/api.w.org\/{rel}","templated":true}]}}