{"id":376,"date":"2023-02-21T17:18:00","date_gmt":"2023-02-21T17:18:00","guid":{"rendered":"https:\/\/refinegroup.com\/?page_id=376"},"modified":"2026-03-24T12:13:38","modified_gmt":"2026-03-24T10:13:38","slug":"governance","status":"publish","type":"page","link":"https:\/\/refinegroup.com\/sv\/governance\/","title":{"rendered":"Corporate Governance"},"content":{"rendered":"<section class=\"section dark\" id=\"section_1403365576\">\n\t\t<div class=\"bg section-bg fill bg-fill\" >\n\n\t\t\t\n\t\t\t\n\t\t\t\n\n\t\t<\/div>\n\n\t\t\n\n\t\t<div class=\"section-content relative\">\n\t\t\t\n\t<div id=\"gap-1947290970\" class=\"gap-element clearfix\" style=\"display:block; height:auto;\">\n\t\t\n<style>\n#gap-1947290970 {\n  padding-top: 30px;\n}\n<\/style>\n\t<\/div>\n\t\n<div class=\"row align-center\"  id=\"row-1337382370\">\n\n\t<div id=\"col-1345444718\" class=\"col medium-8 small-12 large-6\"  >\n\t\t\t\t<div class=\"col-inner text-center\"  >\n\t\t\t\n\t\t\t\n\t<div id=\"gap-111597335\" class=\"gap-element clearfix\" style=\"display:block; height:auto;\">\n\t\t\n<style>\n#gap-111597335 {\n  padding-top: 5px;\n}\n<\/style>\n\t<\/div>\n\t\n\t<div id=\"text-2151895281\" class=\"text\">\n\t\t\n<h3>Corporate Governance<\/h3>\n\t\t\n<style>\n#text-2151895281 {\n  font-size: 2.25rem;\n  line-height: 1;\n}\n@media (min-width:550px) {\n  #text-2151895281 {\n    font-size: 2.5rem;\n  }\n}\n@media (min-width:850px) {\n  #text-2151895281 {\n    line-height: 1;\n  }\n}\n<\/style>\n\t<\/div>\n\t\n\t\t<\/div>\n\t\t\t\t\t<\/div>\n\n\t\n<\/div>\n\t\t<\/div>\n\n\t\t\n<style>\n#section_1403365576 {\n  padding-top: 30px;\n  padding-bottom: 30px;\n  min-height: 500px;\n  background-color: rgb(255, 255, 255);\n}\n#section_1403365576 .section-bg.bg-loaded {\n  background-image: url(https:\/\/refinegroup.com\/wp-content\/uploads\/2023\/02\/ir2.jpg);\n}\n#section_1403365576 .section-bg {\n  background-position: 50% 61%;\n}\n#section_1403365576 .ux-shape-divider--top svg {\n  height: 150px;\n  --divider-top-width: 100%;\n}\n#section_1403365576 .ux-shape-divider--bottom svg {\n  height: 150px;\n  --divider-width: 100%;\n}\n@media (min-width:550px) {\n  #section_1403365576 {\n    min-height: 500px;\n  }\n}\n@media (min-width:850px) {\n  #section_1403365576 {\n    min-height: 618px;\n  }\n}\n<\/style>\n\t<\/section>\n\t\n\t<div id=\"gap-350876682\" class=\"gap-element clearfix\" style=\"display:block; height:auto;\">\n\t\t\n<style>\n#gap-350876682 {\n  padding-top: 50px;\n}\n<\/style>\n\t<\/div>\n\t\n<div class=\"row align-center\"  id=\"row-98965008\">\n\n\t<div id=\"col-395410108\" class=\"col medium-5 small-12 large-5\"  >\n\t\t\t\t<div class=\"col-inner\"  >\n\t\t\t\n\t\t\t\n<h2>Revisor<\/h2>\n<p>Andreas Folke<br \/>Auktoriserad revisor<br \/>Melcob Revision &amp; R\u00e5dgivning<\/p>\n<p><strong>Telefonnummer:<\/strong> 070-385 06 66<br \/><strong>Hemsida:<\/strong> www.melcob.se<br \/><strong>E-mail:<\/strong> andreas.folke@melcob.se<\/p>\n\t\t<\/div>\n\t\t\t\t\t<\/div>\n\n\t\n\n\t<div id=\"col-1912204731\" class=\"col medium-5 small-12 large-5\"  >\n\t\t\t\t<div class=\"col-inner\"  >\n\t\t\t\n\t\t\t\n<h2>Certified Adviser<\/h2>\n<p>Eminova Fondkommission AB agerar som bolagets Certified Adviser och ansvarar f\u00f6r att \u00f6vervaka att Refine Group f\u00f6ljer de regler och riktlinjer som fastst\u00e4llts av Nasdaq First North Growth Market.<\/p>\n<p><strong>Telefonnummer:<\/strong> 08-684 211 10<br \/><strong>Hemsida:<\/strong> www.eminova.se<br \/><strong>E-mail:<\/strong> adviser@eminova.se<\/p>\n\t\t<\/div>\n\t\t\t\t\t<\/div>\n\n\t\n<\/div>\n<div class=\"row align-center\"  id=\"row-490753405\">\n\n\t<div id=\"col-1479124971\" class=\"col medium-10 small-12 large-10\"  >\n\t\t\t\t<div class=\"col-inner\"  >\n\t\t\t\n\t\t\t\n<h2>Bolagsordning<\/h2>\n<div class=\"accordion\">\n<div id=\"accordion-3574599105\" class=\"accordion-item\"><a id=\"accordion-3574599105-label\" href=\"#\" class=\"accordion-title plain\" aria-expanded=\"false\" aria-controls=\"accordion-3574599105-content\"><button class=\"toggle\" aria-label=\"Toggle\"><i class=\"icon-angle-down\"><\/i><\/button><span>Bolagsordning 2025<\/span><\/a><div id=\"accordion-3574599105-content\" class=\"accordion-inner\" aria-labelledby=\"accordion-3574599105-label\">\n<p><a href=\"https:\/\/refinegroup.com\/wp-content\/uploads\/2025\/06\/Refine-Group-AB-publ-Bolagsordning.pdf\" target=\"_blank\" rel=\"noopener\">Ladda ner<\/a><\/p>\n<\/div><\/div>\n<\/div>\n\t\t<\/div>\n\t\t\t\t\t<\/div>\n\n\t\n<\/div>\n\t<div id=\"gap-1670459956\" class=\"gap-element clearfix\" style=\"display:block; height:auto;\">\n\t\t\n<style>\n#gap-1670459956 {\n  padding-top: 30px;\n}\n<\/style>\n\t<\/div>\n\t\n\t<section class=\"section\" id=\"section_1365769051\">\n\t\t<div class=\"bg section-bg fill bg-fill  bg-loaded\" >\n\n\t\t\t\n\t\t\t\n\t\t\t\n\n\t\t<\/div>\n\n\t\t\n\n\t\t<div class=\"section-content relative\">\n\t\t\t\n<div class=\"row align-center\"  id=\"row-848445676\">\n\n\t<div id=\"col-425330394\" class=\"col medium-10 small-12 large-10\"  >\n\t\t\t\t<div class=\"col-inner text-left\"  >\n\t\t\t\n\t\t\t\n\t<div id=\"text-79172166\" class=\"text\">\n\t\t\n<h2>Bolagsst\u00e4mmor<\/h2>\n<p><strong>R\u00e4tt att delta i bolagsst\u00e4mma<\/strong><\/p>\n<p>Alla aktie\u00e4gare som \u00e4r inf\u00f6rda i aktieboken och som har anm\u00e4lt sitt deltagande till bolaget senast p\u00e5 det datum som anges i kallelsen, har r\u00e4tt att delta p\u00e5 bolagsst\u00e4mman och r\u00f6sta f\u00f6r de aktier de innehar. Aktie\u00e4gare kan delta p\u00e5 bolagsst\u00e4mman personligen eller via ombud.<br \/>\n\t\t\n<style>\n#text-79172166 {\n  text-align: left;\n}\n<\/style>\n\t<\/div>\n\t\n<div class=\"accordion\">\n<div id=\"accordion-743064458\" class=\"accordion-item\"><a id=\"accordion-743064458-label\" href=\"#\" class=\"accordion-title plain\" aria-expanded=\"false\" aria-controls=\"accordion-743064458-content\"><button class=\"toggle\" aria-label=\"Toggle\"><i class=\"icon-angle-down\"><\/i><\/button><span>Extra bolagsst\u00e4mma april 2026<\/span><\/a><div id=\"accordion-743064458-content\" class=\"accordion-inner\" aria-labelledby=\"accordion-743064458-label\">\n\t<div id=\"text-223922630\" class=\"text\">\n\t\t\n<p><strong>Dokument:<\/strong><\/p>\n<p><a href=\"https:\/\/refinegroup.com\/wp-content\/uploads\/2026\/03\/Refine-Group-AB-publ-Kallelse-till-extra-bolagsstamma-8-april-2026.pdf\" target=\"_blank\" rel=\"noopener\">Kallelse<\/a><\/p>\n<p><a href=\"https:\/\/refinegroup.com\/wp-content\/uploads\/2026\/03\/Refine-Group-AB-publ-Fullmaktsformular-extra-bolagsstamma-8-april-2026.pdf\" target=\"_blank\" rel=\"noopener\">Fullmaktsformul\u00e4r<\/a><\/p>\n<p><a href=\"https:\/\/refinegroup.com\/wp-content\/uploads\/2026\/03\/Project-Possible-Styrelsens-redogorelse-enligt-13-kap.-6-\u00a7-och-14-kap.-8-\u00a7-ABL.pdf\" target=\"_blank\" rel=\"noopener\">Styrelsens redog\u00f6relse<\/a><\/p>\n<p><a href=\"https:\/\/refinegroup.com\/wp-content\/uploads\/2026\/03\/Revisorsyttrande-13-6-for-intyg-avseende-beslut-24-mars-2026.pdf\" target=\"_blank\" rel=\"noopener\">Revisorns yttrande<\/a><\/p>\n<p><a href=\"https:\/\/refinegroup.com\/wp-content\/uploads\/2026\/03\/Project-Possible-Terms-and-Conditions-for-Warrants-of-series-2026_2031_1.pdf\" target=\"_blank\" rel=\"noopener\">Villkor f\u00f6r teckningsoptioner av serie 2026\/2031:1<\/a><\/p>\n<p><a href=\"https:\/\/refinegroup.com\/wp-content\/uploads\/2026\/03\/Project-Possible-Terms-and-Conditions-for-Warrants-of-series-2026_2031_2.pdf\" target=\"_blank\" rel=\"noopener\">Villkor f\u00f6r teckningsoptioner av serie 2026\/2031:2<\/a><\/p>\n<p><a href=\"https:\/\/refinegroup.com\/wp-content\/uploads\/2026\/03\/Project-Possible-Terms-and-Conditions-for-Warrants-of-series-2026_2031_3.pdf\" target=\"_blank\" rel=\"noopener\">Villkor f\u00f6r teckningsoptioner av serie 2026\/2031:3<\/a><\/p>\n<p><a href=\"https:\/\/refinegroup.com\/wp-content\/uploads\/2026\/03\/Project-Possible-Terms-and-Conditions-for-Warrants-of-series-2026_2031_4.pdf\" target=\"_blank\" rel=\"noopener\">Villkor f\u00f6r teckningsoptioner av serie 2026\/2031:4<\/a><\/p>\n<p><a href=\"https:\/\/refinegroup.com\/wp-content\/uploads\/2026\/03\/Project-Possible-Terms-and-Conditions-for-Warrants-of-series-2026_2031_5.pdf\" target=\"_blank\" rel=\"noopener\">Villkor f\u00f6r teckningsoptioner av serie 2026\/2031:5<\/a><\/p>\n\t\t\n<style>\n#text-223922630 {\n  text-align: left;\n}\n<\/style>\n\t<\/div>\n\t\n<\/div><\/div>\n<div id=\"accordion-1393074284\" class=\"accordion-item\"><a id=\"accordion-1393074284-label\" href=\"#\" class=\"accordion-title plain\" aria-expanded=\"false\" aria-controls=\"accordion-1393074284-content\"><button class=\"toggle\" aria-label=\"Toggle\"><i class=\"icon-angle-down\"><\/i><\/button><span>Extra bolagsst\u00e4mma december 2025<\/span><\/a><div id=\"accordion-1393074284-content\" class=\"accordion-inner\" aria-labelledby=\"accordion-1393074284-label\">\n\t<div id=\"text-1869955060\" class=\"text\">\n\t\t\n<p><strong>Dokument:<\/strong><\/p>\n<p><a href=\"https:\/\/refinegroup.com\/wp-content\/uploads\/2025\/12\/Refine-Group-AB-publ-Kallelse-till-extra-bolagsstamma-2025-12-11.pdf\">Kallelse<\/a><\/p>\n<p><a href=\"https:\/\/refinegroup.com\/wp-content\/uploads\/2025\/12\/Refine-Group-AB-publ-Fullmakt-extra-bolagsstamma-2025.pdf\">Fullmaktsformul\u00e4r<\/a><\/p>\n\t\t\n<style>\n#text-1869955060 {\n  text-align: left;\n}\n<\/style>\n\t<\/div>\n\t\n<\/div><\/div>\n<div id=\"accordion-2131447236\" class=\"accordion-item\"><a id=\"accordion-2131447236-label\" href=\"#\" class=\"accordion-title plain\" aria-expanded=\"false\" aria-controls=\"accordion-2131447236-content\"><button class=\"toggle\" aria-label=\"Toggle\"><i class=\"icon-angle-down\"><\/i><\/button><span>\u00c5rsst\u00e4mma 2024\/2025<\/span><\/a><div id=\"accordion-2131447236-content\" class=\"accordion-inner\" aria-labelledby=\"accordion-2131447236-label\">\n\t<div id=\"text-3894075591\" class=\"text\">\n\t\t\n<p><strong>Dokument:<\/strong><\/p>\n<p><a href=\"https:\/\/refinegroup.com\/wp-content\/uploads\/2025\/05\/Refine-Group-AB-publ-Kallelse-till-arsstamma-2025.pdf\">Kallelse till \u00e5rsst\u00e4mma<\/a><\/p>\n<p><a href=\"https:\/\/refinegroup.com\/wp-content\/uploads\/2025\/05\/Refine-Group-AB-publ-Fullmakt-arsstamma-2025.pdf\">Fullmaktsformul\u00e4r<\/a><\/p>\n<p><a href=\"https:\/\/refinegroup.com\/wp-content\/uploads\/2025\/05\/Fullstandig-beslutsforslag-punkt-12i.pdf\">F\u00f6rslag till beslut om \u00e4ndring av bolagsordningen<\/a><\/p>\n\t\t\n<style>\n#text-3894075591 {\n  text-align: left;\n}\n<\/style>\n\t<\/div>\n\t\n<\/div><\/div>\n<div id=\"accordion-3982740552\" class=\"accordion-item\"><a id=\"accordion-3982740552-label\" href=\"#\" class=\"accordion-title plain\" aria-expanded=\"false\" aria-controls=\"accordion-3982740552-content\"><button class=\"toggle\" aria-label=\"Toggle\"><i class=\"icon-angle-down\"><\/i><\/button><span>\u00c5rsst\u00e4mma 2023\/2024<\/span><\/a><div id=\"accordion-3982740552-content\" class=\"accordion-inner\" aria-labelledby=\"accordion-3982740552-label\">\n\t<div id=\"text-2905136257\" class=\"text\">\n\t\t\n<p><strong>Dokument:<\/strong><\/p>\n<p><a href=\"https:\/\/refinegroup.com\/wp-content\/uploads\/2024\/05\/Refine-Group-AB-Kallelse-till-arsstamma-2024.pdf\">Kallelse till \u00e5rsst\u00e4mma<\/a><\/p>\n<p><a href=\"https:\/\/refinegroup.com\/wp-content\/uploads\/2024\/05\/Refine-Group-AB-publ-Fullmakt-arsstamma-2024.pdf\">Fullmaktsformul\u00e4r<\/a><\/p>\n<p><a href=\"https:\/\/refinegroup.com\/wp-content\/uploads\/2024\/05\/Revisorsyttrande-13-8-Kvittning-240516.pdf\">Revisorsyttrande enligt 13 kap 8 \u00a7 aktiebolagslagen<\/a><\/p>\n<p><a href=\"https:\/\/refinegroup.com\/wp-content\/uploads\/2024\/05\/Revisorsyttrande-ABL-13-kap-6-\u00a7-vasentliga-handelser-230517.pdf\">Revisorsyttrande enligt 13 kap. 6 \u00a7 aktiebolagslagen<\/a><\/p>\n<p><a href=\"https:\/\/refinegroup.com\/wp-content\/uploads\/2024\/05\/Styrelsens-redogorelse-enligt-13-7.pdf\">Styrelsen redog\u00f6relse<\/a><\/p>\n<p><a href=\"https:\/\/refinegroup.com\/wp-content\/uploads\/2024\/05\/Refine-Group-AB-publ-Beslut-emission-villkorad-av-stammans-godkannande.pdf\">Beslut om aktieemission villkorat av \u00e5rsst\u00e4mmans godk\u00e4nnande<\/a><\/p>\n<p><a href=\"\/wp-content\/uploads\/2024\/06\/Refine-Group-AB-publ-Protokoll-arsstamma-2024.pdf\">Protokoll \u00e5rsst\u00e4mma<\/a><\/p>\n\t\t\n<style>\n#text-2905136257 {\n  text-align: left;\n}\n<\/style>\n\t<\/div>\n\t\n<\/div><\/div>\n<div id=\"accordion-1552875924\" class=\"accordion-item\"><a id=\"accordion-1552875924-label\" href=\"#\" class=\"accordion-title plain\" aria-expanded=\"false\" aria-controls=\"accordion-1552875924-content\"><button class=\"toggle\" aria-label=\"Toggle\"><i class=\"icon-angle-down\"><\/i><\/button><span>Extra bolagsst\u00e4mma november 2023<\/span><\/a><div id=\"accordion-1552875924-content\" class=\"accordion-inner\" aria-labelledby=\"accordion-1552875924-label\">\n\t<div id=\"text-1280175200\" class=\"text\">\n\t\t\n<p><strong>Dokument:<\/strong><\/p>\n<p><a href=\"https:\/\/refinegroup.com\/wp-content\/uploads\/2023\/10\/Fullstandiga-beslutsforslag-punkt-6i-i-dagordningen-1.pdf\">F\u00f6rslag till beslut om \u00e4ndring av bolagsordningen<\/a><\/p>\n<p><a href=\"\/wp-content\/uploads\/2023\/10\/Refine-Group-AB-publ-Fullmakt-extra-bolagsstamma-2023.pdf\" target=\"_blank\" rel=\"noopener\">Fullmaktsformul\u00e4r<\/a><\/p>\n<p><a href=\"\/wp-content\/uploads\/2023\/10\/Refine-Group-AB-publ-Kallelse-till-extra-bolagsstamma-2023.pdf\" target=\"_blank\" rel=\"noopener\">Kallelse<\/a><\/p>\n\t\t\n<style>\n#text-1280175200 {\n  text-align: left;\n}\n<\/style>\n\t<\/div>\n\t\n<\/div><\/div>\n<\/div>\n\t\t<\/div>\n\t\t\t\t\t<\/div>\n\n\t\n<\/div>\n<div class=\"row align-center\"  id=\"row-2005549154\">\n\n\t<div id=\"col-854420615\" class=\"col medium-10 small-12 large-10\"  >\n\t\t\t\t<div class=\"col-inner\"  >\n\t\t\t\n\t\t\t\n\t<div id=\"text-203988783\" class=\"text\">\n\t\t\n<h3>F\u00f6re omv\u00e4nt f\u00f6rv\u00e4rv och Spherio AB<\/h3>\n\t\t\n<style>\n#text-203988783 {\n  font-size: 1.3rem;\n}\n<\/style>\n\t<\/div>\n\t\n<p>Klicka <a href=\"https:\/\/refinegroup.com\/sv\/archive\/#generalmeetings\"><strong>h\u00e4r<\/strong><\/a> f\u00f6r bolagsst\u00e4mmohandlingar f\u00f6r perioden f\u00f6re omv\u00e4nt f\u00f6rv\u00e4rv och Spherio AB.<\/p>\n\t\t<\/div>\n\t\t\t\t\t<\/div>\n\n\t\n<\/div>\n<div class=\"row align-center\"  id=\"row-1808109823\">\n\n\t<div id=\"col-1481295254\" class=\"col medium-10 small-12 large-10\"  >\n\t\t\t\t<div class=\"col-inner\"  >\n\t\t\t\n\t\t\t\n\t<div id=\"text-2751043118\" class=\"text\">\n\t\t\n<h3>RFGH AB<\/h3>\n\t\t\n<style>\n#text-2751043118 {\n  font-size: 1.3rem;\n}\n<\/style>\n\t<\/div>\n\t\n<p>Klicka <a href=\"https:\/\/refinegroup.com\/sv\/archive-refine\/\"><strong>h\u00e4r<\/strong><\/a> f\u00f6r bolagsst\u00e4mmohandlingar f\u00f6r RFGH AB.<\/p>\n\t\t<\/div>\n\t\t\t\t\t<\/div>\n\n\t\n<\/div>\n<div class=\"row align-center\"  id=\"row-1662980973\">\n\n\t<div id=\"col-1575387382\" class=\"col medium-10 small-12 large-10\"  >\n\t\t\t\t<div class=\"col-inner text-left\"  >\n\t\t\t\n\t\t\t\n\t<div id=\"text-3807911903\" class=\"text\">\n\t\t\n<h2>Teckningsoptioner<\/h2>\n\t\t\n<style>\n#text-3807911903 {\n  text-align: left;\n}\n<\/style>\n\t<\/div>\n\t\n\t<div id=\"text-33779067\" class=\"text\">\n\t\t\n<p>Serie 2025\/2026<\/p>\n\t\t\n<style>\n#text-33779067 {\n  text-align: left;\n}\n<\/style>\n\t<\/div>\n\t\n\t\t<\/div>\n\t\t\t\t\t<\/div>\n\n\t\n<\/div>\n<div class=\"row align-center\"  id=\"row-1227442705\">\n\n\t<div id=\"col-1348201784\" class=\"col medium-10 small-12 large-10\"  >\n\t\t\t\t<div class=\"col-inner text-left\"  >\n\t\t\t\n\t\t\t\n\t<div id=\"text-3126888385\" class=\"text\">\n\t\t\n<h2>B\u00f6rsnotering \/ Omv\u00e4nt f\u00f6rv\u00e4rv<\/h2>\n\t\t\n<style>\n#text-3126888385 {\n  text-align: left;\n}\n<\/style>\n\t<\/div>\n\t\n<div class=\"accordion\">\n<div id=\"accordion-2538356966\" class=\"accordion-item\"><a id=\"accordion-2538356966-label\" href=\"#\" class=\"accordion-title plain\" aria-expanded=\"false\" aria-controls=\"accordion-2538356966-content\"><button class=\"toggle\" aria-label=\"Toggle\"><i class=\"icon-angle-down\"><\/i><\/button><span>Dokument<\/span><\/a><div id=\"accordion-2538356966-content\" class=\"accordion-inner\" aria-labelledby=\"accordion-2538356966-label\">\n<p><a href=\"\/wp-content\/uploads\/2023\/05\/Bolagsbeskrivning_RefineGroup_230509.pdf\" target=\"_blank\" rel=\"noopener\">Bolagsbeskrivning<\/a><\/p>\n<p><a href=\"\/wp-content\/uploads\/2023\/04\/Refine-Group-AB_Arsredovisning_2021-12-31.pdf\" target=\"_blank\" rel=\"noopener\">Refine Group<\/a><a href=\"\/wp-content\/uploads\/2023\/04\/Refine-Group-AB_Arsredovisning_2021-12-31.pdf\" target=\"_blank\" rel=\"noopener\"> AB<\/a><a href=\"\/wp-content\/uploads\/2023\/04\/Refine-Group-AB_Arsredovisning_2021-12-31.pdf\" target=\"_blank\" rel=\"noopener\"> \u2013 \u00c5rsredovisning 2021<\/a><\/p>\n<p><a href=\"\/wp-content\/uploads\/2023\/04\/SpherioGroupABpublAnnualReport2022.pdf\" target=\"_blank\" rel=\"noopener\">Spherio Group<\/a><a href=\"\/wp-content\/uploads\/2023\/04\/SpherioGroupABpublAnnualReport2022.pdf\" target=\"_blank\" rel=\"noopener\"> AB<\/a><a href=\"\/wp-content\/uploads\/2023\/04\/SpherioGroupABpublAnnualReport2022.pdf\" target=\"_blank\" rel=\"noopener\"> - \u00c5rsredovisning 2022<\/a><\/p>\n<p><a href=\"\/wp-content\/uploads\/2023\/04\/Spherio-Group-AB_Arsredovisning_2021-12-31.pdf\" target=\"_blank\" rel=\"noopener\">Spherio Group AB<\/a><a href=\"\/wp-content\/uploads\/2023\/04\/Spherio-Group-AB_Arsredovisning_2021-12-31.pdf\" target=\"_blank\" rel=\"noopener\"> \u2013 \u00c5rsredovisning 2021<\/a><\/p>\n<\/div><\/div>\n<\/div>\n\t\t<\/div>\n\t\t\t\t\t<\/div>\n\n\t\n<\/div>\n\t\t<\/div>\n\n\t\t\n<style>\n#section_1365769051 {\n  padding-top: 60px;\n  padding-bottom: 60px;\n  background-color: rgb(245, 247, 251);\n}\n#section_1365769051 .ux-shape-divider--top svg {\n  height: 150px;\n  --divider-top-width: 100%;\n}\n#section_1365769051 .ux-shape-divider--bottom svg {\n  height: 150px;\n  --divider-width: 100%;\n}\n<\/style>\n\t<\/section>","protected":false},"excerpt":{"rendered":"","protected":false},"author":2,"featured_media":0,"parent":0,"menu_order":0,"comment_status":"closed","ping_status":"closed","template":"page-blank.php","meta":{"footnotes":""},"class_list":["post-376","page","type-page","status-publish","hentry"],"yoast_head":"<!-- This site is optimized with the Yoast SEO plugin v23.3 - https:\/\/yoast.com\/wordpress\/plugins\/seo\/ -->\n<title>Corporate Governance - Refine Group<\/title>\n<meta name=\"robots\" content=\"index, follow, max-snippet:-1, max-image-preview:large, max-video-preview:-1\" \/>\n<link rel=\"canonical\" href=\"https:\/\/refinegroup.com\/sv\/governance\/\" \/>\n<meta property=\"og:locale\" content=\"sv_SE\" \/>\n<meta property=\"og:type\" content=\"article\" \/>\n<meta property=\"og:title\" content=\"Corporate Governance - Refine Group\" \/>\n<meta property=\"og:url\" content=\"https:\/\/refinegroup.com\/sv\/governance\/\" \/>\n<meta property=\"og:site_name\" content=\"Refine Group\" \/>\n<meta property=\"article:modified_time\" content=\"2026-03-24T10:13:38+00:00\" \/>\n<meta name=\"twitter:card\" content=\"summary_large_image\" \/>\n<meta name=\"twitter:label1\" content=\"Ber\u00e4knad l\u00e4stid\" \/>\n\t<meta name=\"twitter:data1\" content=\"2 minuter\" \/>\n<script type=\"application\/ld+json\" class=\"yoast-schema-graph\">{\"@context\":\"https:\/\/schema.org\",\"@graph\":[{\"@type\":\"WebPage\",\"@id\":\"https:\/\/refinegroup.com\/governance\/\",\"url\":\"https:\/\/refinegroup.com\/governance\/\",\"name\":\"Corporate Governance - Refine Group\",\"isPartOf\":{\"@id\":\"https:\/\/refinegroup.com\/#website\"},\"datePublished\":\"2023-02-21T17:18:00+00:00\",\"dateModified\":\"2026-03-24T10:13:38+00:00\",\"breadcrumb\":{\"@id\":\"https:\/\/refinegroup.com\/governance\/#breadcrumb\"},\"inLanguage\":\"sv-SE\",\"potentialAction\":[{\"@type\":\"ReadAction\",\"target\":[\"https:\/\/refinegroup.com\/governance\/\"]}]},{\"@type\":\"BreadcrumbList\",\"@id\":\"https:\/\/refinegroup.com\/governance\/#breadcrumb\",\"itemListElement\":[{\"@type\":\"ListItem\",\"position\":1,\"name\":\"Home\",\"item\":\"https:\/\/refinegroup.com\/\"},{\"@type\":\"ListItem\",\"position\":2,\"name\":\"Corporate Governance\"}]},{\"@type\":\"WebSite\",\"@id\":\"https:\/\/refinegroup.com\/#website\",\"url\":\"https:\/\/refinegroup.com\/\",\"name\":\"Refine Group - We accelerate digital growth\",\"description\":\"\",\"publisher\":{\"@id\":\"https:\/\/refinegroup.com\/#organization\"},\"potentialAction\":[{\"@type\":\"SearchAction\",\"target\":{\"@type\":\"EntryPoint\",\"urlTemplate\":\"https:\/\/refinegroup.com\/?s={search_term_string}\"},\"query-input\":\"required name=search_term_string\"}],\"inLanguage\":\"sv-SE\"},{\"@type\":\"Organization\",\"@id\":\"https:\/\/refinegroup.com\/#organization\",\"name\":\"Refine Group - We accelerate digital growth\",\"url\":\"https:\/\/refinegroup.com\/\",\"logo\":{\"@type\":\"ImageObject\",\"inLanguage\":\"sv-SE\",\"@id\":\"https:\/\/refinegroup.com\/#\/schema\/logo\/image\/\",\"url\":\"https:\/\/refinegroup.com\/wp-content\/uploads\/2023\/02\/Refine_logo.png\",\"contentUrl\":\"https:\/\/refinegroup.com\/wp-content\/uploads\/2023\/02\/Refine_logo.png\",\"width\":500,\"height\":47,\"caption\":\"Refine Group - We accelerate digital growth\"},\"image\":{\"@id\":\"https:\/\/refinegroup.com\/#\/schema\/logo\/image\/\"},\"sameAs\":[\"https:\/\/www.linkedin.com\/company\/refinegroup\/\"]}]}<\/script>\n<!-- \/ Yoast SEO plugin. -->","yoast_head_json":{"title":"Corporate Governance - Refine Group","robots":{"index":"index","follow":"follow","max-snippet":"max-snippet:-1","max-image-preview":"max-image-preview:large","max-video-preview":"max-video-preview:-1"},"canonical":"https:\/\/refinegroup.com\/sv\/governance\/","og_locale":"sv_SE","og_type":"article","og_title":"Corporate Governance - Refine Group","og_url":"https:\/\/refinegroup.com\/sv\/governance\/","og_site_name":"Refine Group","article_modified_time":"2026-03-24T10:13:38+00:00","twitter_card":"summary_large_image","twitter_misc":{"Ber\u00e4knad l\u00e4stid":"2 minuter"},"schema":{"@context":"https:\/\/schema.org","@graph":[{"@type":"WebPage","@id":"https:\/\/refinegroup.com\/governance\/","url":"https:\/\/refinegroup.com\/governance\/","name":"Corporate Governance - Refine Group","isPartOf":{"@id":"https:\/\/refinegroup.com\/#website"},"datePublished":"2023-02-21T17:18:00+00:00","dateModified":"2026-03-24T10:13:38+00:00","breadcrumb":{"@id":"https:\/\/refinegroup.com\/governance\/#breadcrumb"},"inLanguage":"sv-SE","potentialAction":[{"@type":"ReadAction","target":["https:\/\/refinegroup.com\/governance\/"]}]},{"@type":"BreadcrumbList","@id":"https:\/\/refinegroup.com\/governance\/#breadcrumb","itemListElement":[{"@type":"ListItem","position":1,"name":"Home","item":"https:\/\/refinegroup.com\/"},{"@type":"ListItem","position":2,"name":"Corporate Governance"}]},{"@type":"WebSite","@id":"https:\/\/refinegroup.com\/#website","url":"https:\/\/refinegroup.com\/","name":"Refine Group - We accelerate digital growth","description":"","publisher":{"@id":"https:\/\/refinegroup.com\/#organization"},"potentialAction":[{"@type":"SearchAction","target":{"@type":"EntryPoint","urlTemplate":"https:\/\/refinegroup.com\/?s={search_term_string}"},"query-input":"required name=search_term_string"}],"inLanguage":"sv-SE"},{"@type":"Organization","@id":"https:\/\/refinegroup.com\/#organization","name":"Refine Group - We accelerate digital growth","url":"https:\/\/refinegroup.com\/","logo":{"@type":"ImageObject","inLanguage":"sv-SE","@id":"https:\/\/refinegroup.com\/#\/schema\/logo\/image\/","url":"https:\/\/refinegroup.com\/wp-content\/uploads\/2023\/02\/Refine_logo.png","contentUrl":"https:\/\/refinegroup.com\/wp-content\/uploads\/2023\/02\/Refine_logo.png","width":500,"height":47,"caption":"Refine Group - We accelerate digital growth"},"image":{"@id":"https:\/\/refinegroup.com\/#\/schema\/logo\/image\/"},"sameAs":["https:\/\/www.linkedin.com\/company\/refinegroup\/"]}]}},"_links":{"self":[{"href":"https:\/\/refinegroup.com\/sv\/wp-json\/wp\/v2\/pages\/376","targetHints":{"allow":["GET"]}}],"collection":[{"href":"https:\/\/refinegroup.com\/sv\/wp-json\/wp\/v2\/pages"}],"about":[{"href":"https:\/\/refinegroup.com\/sv\/wp-json\/wp\/v2\/types\/page"}],"author":[{"embeddable":true,"href":"https:\/\/refinegroup.com\/sv\/wp-json\/wp\/v2\/users\/2"}],"replies":[{"embeddable":true,"href":"https:\/\/refinegroup.com\/sv\/wp-json\/wp\/v2\/comments?post=376"}],"version-history":[{"count":27,"href":"https:\/\/refinegroup.com\/sv\/wp-json\/wp\/v2\/pages\/376\/revisions"}],"predecessor-version":[{"id":1499,"href":"https:\/\/refinegroup.com\/sv\/wp-json\/wp\/v2\/pages\/376\/revisions\/1499"}],"wp:attachment":[{"href":"https:\/\/refinegroup.com\/sv\/wp-json\/wp\/v2\/media?parent=376"}],"curies":[{"name":"wp","href":"https:\/\/api.w.org\/{rel}","templated":true}]}}